{"id":621,"date":"2019-04-17T10:04:40","date_gmt":"2019-04-17T10:04:40","guid":{"rendered":"https:\/\/marta-tafelski.com\/about\/"},"modified":"2024-11-13T16:15:58","modified_gmt":"2024-11-13T15:15:58","slug":"about","status":"publish","type":"page","link":"https:\/\/marta-tafelski.com\/pl\/about\/","title":{"rendered":"O mnie"},"content":{"rendered":"\t\t<div data-elementor-type=\"wp-post\" data-elementor-id=\"621\" class=\"elementor elementor-621\">\n\t\t\t\t\t\t<section class=\"elementor-section elementor-top-section elementor-element elementor-element-13a93292 elementor-section-boxed elementor-section-height-default elementor-section-height-default\" data-id=\"13a93292\" data-element_type=\"section\" data-settings=\"{&quot;background_background&quot;:&quot;classic&quot;}\">\n\t\t\t\t\t\t\t<div class=\"elementor-background-overlay\"><\/div>\n\t\t\t\t\t\t\t<div class=\"elementor-container elementor-column-gap-default\">\n\t\t\t\t\t<div class=\"elementor-column elementor-col-100 elementor-top-column elementor-element elementor-element-25748b2d elementor-invisible\" data-id=\"25748b2d\" data-element_type=\"column\" data-settings=\"{&quot;animation&quot;:&quot;fadeInDown&quot;}\">\n\t\t\t<div class=\"elementor-widget-wrap elementor-element-populated\">\n\t\t\t\t\t\t<div class=\"elementor-element elementor-element-1dca66c4 elementor-widget-divider--view-line elementor-widget elementor-widget-divider\" data-id=\"1dca66c4\" data-element_type=\"widget\" data-widget_type=\"divider.default\">\n\t\t\t\t<div class=\"elementor-widget-container\">\n\t\t\t\t\t\t\t<div class=\"elementor-divider\">\n\t\t\t<span class=\"elementor-divider-separator\">\n\t\t\t\t\t\t<\/span>\n\t\t<\/div>\n\t\t\t\t\t\t<\/div>\n\t\t\t\t<\/div>\n\t\t\t\t<div class=\"elementor-element elementor-element-253d822f elementor-widget elementor-widget-heading\" data-id=\"253d822f\" data-element_type=\"widget\" data-settings=\"{&quot;_animation&quot;:&quot;none&quot;}\" data-widget_type=\"heading.default\">\n\t\t\t\t<div class=\"elementor-widget-container\">\n\t\t\t\t\t<h2 class=\"elementor-heading-title elementor-size-default\">O mnie<\/h2>\t\t\t\t<\/div>\n\t\t\t\t<\/div>\n\t\t\t\t\t<\/div>\n\t\t<\/div>\n\t\t\t\t\t<\/div>\n\t\t<\/section>\n\t\t\t\t<section class=\"elementor-section elementor-top-section elementor-element elementor-element-758d8c04 elementor-section-content-middle elementor-section-boxed elementor-section-height-default elementor-section-height-default\" data-id=\"758d8c04\" data-element_type=\"section\" data-settings=\"{&quot;background_background&quot;:&quot;classic&quot;}\">\n\t\t\t\t\t\t<div class=\"elementor-container elementor-column-gap-wide\">\n\t\t\t\t\t<div class=\"elementor-column elementor-col-33 elementor-top-column elementor-element elementor-element-43ba58ae\" data-id=\"43ba58ae\" data-element_type=\"column\">\n\t\t\t<div class=\"elementor-widget-wrap elementor-element-populated\">\n\t\t\t\t\t\t<div class=\"elementor-element elementor-element-82f9958 elementor-invisible elementor-widget elementor-widget-image\" data-id=\"82f9958\" data-element_type=\"widget\" data-settings=\"{&quot;_animation&quot;:&quot;fadeInLeft&quot;}\" data-widget_type=\"image.default\">\n\t\t\t\t<div class=\"elementor-widget-container\">\n\t\t\t\t\t\t\t\t\t\t\t\t\t\t\t<img fetchpriority=\"high\" decoding=\"async\" width=\"449\" height=\"639\" src=\"https:\/\/marta-tafelski.com\/wp-content\/uploads\/2023\/10\/Marta2023-164-von-522-e1698149805841.jpg\" class=\"attachment-large size-large wp-image-32583\" alt=\"\" srcset=\"https:\/\/marta-tafelski.com\/wp-content\/uploads\/2023\/10\/Marta2023-164-von-522-e1698149805841.jpg 449w, https:\/\/marta-tafelski.com\/wp-content\/uploads\/2023\/10\/Marta2023-164-von-522-e1698149805841-211x300.jpg 211w, https:\/\/marta-tafelski.com\/wp-content\/uploads\/2023\/10\/Marta2023-164-von-522-e1698149805841-105x150.jpg 105w, https:\/\/marta-tafelski.com\/wp-content\/uploads\/2023\/10\/Marta2023-164-von-522-e1698149805841-42x60.jpg 42w\" sizes=\"(max-width: 449px) 100vw, 449px\" \/>\t\t\t\t\t\t\t\t\t\t\t\t\t\t\t<\/div>\n\t\t\t\t<\/div>\n\t\t\t\t\t<\/div>\n\t\t<\/div>\n\t\t\t\t<div class=\"elementor-column elementor-col-66 elementor-top-column elementor-element elementor-element-15249d1d\" data-id=\"15249d1d\" data-element_type=\"column\">\n\t\t\t<div class=\"elementor-widget-wrap elementor-element-populated\">\n\t\t\t\t\t\t<div class=\"elementor-element elementor-element-13a9b180 elementor-widget__width-initial elementor-invisible elementor-widget elementor-widget-text-editor\" data-id=\"13a9b180\" data-element_type=\"widget\" data-settings=\"{&quot;_animation&quot;:&quot;fadeInRight&quot;}\" data-widget_type=\"text-editor.default\">\n\t\t\t\t<div class=\"elementor-widget-container\">\n\t\t\t\t\t\t\t\t\t<p>Cze\u015b\u0107! Nazywam si\u0119 Marta Tafelski, jestem trenerk\u0105 rozwoju osobistego, mistrzyni\u0105 NLP (Neuro-Lingwistycznego Programowania), hipnoterapeutk\u0105 i piosenkark\u0105 &#8211; co\u015b w rodzaju &#8222;\u015bpiewaj\u0105cego coacha&#8221; . Zapraszam Ci\u0119 do poznania mojej misji i pasji, kt\u00f3re \u0142\u0105cz\u0105 muzyk\u0119, rozw\u00f3j osobisty oraz sztuk\u0119 odkrywania swojego wewn\u0119trznego g\u0142osu.\u00a0<\/p><p>Od najm\u0142odszych lat dwa obszary \u017cycia wci\u0105\u017c mnie fascynuj\u0105: muzyka i psychologia rozwoju osobistego. To po\u0142\u0105czenie pasji i determinacji sprawi\u0142o, \u017ce stworzy\u0142am niepowtarzaln\u0105 metod\u0119, kt\u00f3r\u0105 nazywam &#8222;Id\u017a za g\u0142osem serca&#8221;. To po\u0142\u0105czenie muzyki i coachingu, kt\u00f3re pomaga moim klientom osi\u0105gn\u0105\u0107 swoje marzenia i cele.<\/p>\t\t\t\t\t\t\t\t<\/div>\n\t\t\t\t<\/div>\n\t\t\t\t\t<\/div>\n\t\t<\/div>\n\t\t\t\t\t<\/div>\n\t\t<\/section>\n\t\t\t\t<section class=\"elementor-section elementor-top-section elementor-element elementor-element-16793481 elementor-section-height-min-height elementor-section-items-stretch elementor-section-content-middle elementor-section-boxed elementor-section-height-default\" data-id=\"16793481\" data-element_type=\"section\" data-settings=\"{&quot;background_background&quot;:&quot;gradient&quot;,&quot;shape_divider_top&quot;:&quot;tilt&quot;}\">\n\t\t\t\t\t<div class=\"elementor-shape elementor-shape-top\" data-negative=\"false\">\n\t\t\t<svg xmlns=\"http:\/\/www.w3.org\/2000\/svg\" viewBox=\"0 0 1000 100\" preserveAspectRatio=\"none\">\n\t<path class=\"elementor-shape-fill\" d=\"M0,6V0h1000v100L0,6z\"\/>\n<\/svg>\t\t<\/div>\n\t\t\t\t\t<div class=\"elementor-container elementor-column-gap-wide\">\n\t\t\t\t\t<div class=\"elementor-column elementor-col-100 elementor-top-column elementor-element elementor-element-14115da3\" data-id=\"14115da3\" data-element_type=\"column\">\n\t\t\t<div class=\"elementor-widget-wrap elementor-element-populated\">\n\t\t\t\t\t\t<div class=\"elementor-element elementor-element-29baaefc elementor-invisible elementor-widget elementor-widget-heading\" data-id=\"29baaefc\" data-element_type=\"widget\" data-settings=\"{&quot;_animation&quot;:&quot;bounceIn&quot;}\" data-widget_type=\"heading.default\">\n\t\t\t\t<div class=\"elementor-widget-container\">\n\t\t\t\t\t<h2 class=\"elementor-heading-title elementor-size-default\">Piosenkarka \"Z Popio\u0142\u00f3w Wstaj\u0119\"\u200b<\/h2>\t\t\t\t<\/div>\n\t\t\t\t<\/div>\n\t\t\t\t<div class=\"elementor-element elementor-element-3f6f62b0 elementor-widget-divider--view-line elementor-widget elementor-widget-divider\" data-id=\"3f6f62b0\" data-element_type=\"widget\" data-widget_type=\"divider.default\">\n\t\t\t\t<div class=\"elementor-widget-container\">\n\t\t\t\t\t\t\t<div class=\"elementor-divider\">\n\t\t\t<span class=\"elementor-divider-separator\">\n\t\t\t\t\t\t<\/span>\n\t\t<\/div>\n\t\t\t\t\t\t<\/div>\n\t\t\t\t<\/div>\n\t\t\t\t<div class=\"elementor-element elementor-element-29bdfd1d elementor-invisible elementor-widget elementor-widget-text-editor\" data-id=\"29bdfd1d\" data-element_type=\"widget\" data-settings=\"{&quot;_animation&quot;:&quot;fadeInUp&quot;,&quot;_animation_delay&quot;:100}\" data-widget_type=\"text-editor.default\">\n\t\t\t\t<div class=\"elementor-widget-container\">\n\t\t\t\t\t\t\t\t\t<p>Jestem r\u00f3wnie\u017c piosenkark\u0105 i kompozytork\u0105, a moje piosenki znajdziesz na albumie &#8222;Z Popio\u0142\u00f3w Wstaj\u0119&#8221;. To dla mnie nie tylko zbi\u00f3r utwor\u00f3w, ale tak\u017ce wyraz mojej drogi odkrywania samej siebie, przemiany i odrodzenia. Muzyka jest moim g\u0142osem, kt\u00f3ry przekazuje emocje, kt\u00f3rych nie zawsze mo\u017cna wyrazi\u0107 s\u0142owami.<br><\/p>\t\t\t\t\t\t\t\t<\/div>\n\t\t\t\t<\/div>\n\t\t\t\t\t<\/div>\n\t\t<\/div>\n\t\t\t\t\t<\/div>\n\t\t<\/section>\n\t\t\t\t<section class=\"elementor-section elementor-top-section elementor-element elementor-element-401939fb elementor-section-boxed elementor-section-height-default elementor-section-height-default\" data-id=\"401939fb\" data-element_type=\"section\" data-settings=\"{&quot;background_background&quot;:&quot;classic&quot;}\">\n\t\t\t\t\t\t<div class=\"elementor-container elementor-column-gap-wide\">\n\t\t\t\t\t<div class=\"elementor-column elementor-col-100 elementor-top-column elementor-element elementor-element-6ef516d5\" data-id=\"6ef516d5\" data-element_type=\"column\">\n\t\t\t<div class=\"elementor-widget-wrap elementor-element-populated\">\n\t\t\t\t\t\t<div class=\"elementor-element elementor-element-46b1abf6 elementor-widget-divider--view-line elementor-invisible elementor-widget elementor-widget-divider\" data-id=\"46b1abf6\" data-element_type=\"widget\" data-settings=\"{&quot;_animation&quot;:&quot;fadeInDown&quot;}\" data-widget_type=\"divider.default\">\n\t\t\t\t<div class=\"elementor-widget-container\">\n\t\t\t\t\t\t\t<div class=\"elementor-divider\">\n\t\t\t<span class=\"elementor-divider-separator\">\n\t\t\t\t\t\t<\/span>\n\t\t<\/div>\n\t\t\t\t\t\t<\/div>\n\t\t\t\t<\/div>\n\t\t\t\t<div class=\"elementor-element elementor-element-7b312b02 elementor-invisible elementor-widget elementor-widget-heading\" data-id=\"7b312b02\" data-element_type=\"widget\" data-settings=\"{&quot;_animation&quot;:&quot;fadeInDown&quot;}\" data-widget_type=\"heading.default\">\n\t\t\t\t<div class=\"elementor-widget-container\">\n\t\t\t\t\t<h2 class=\"elementor-heading-title elementor-size-default\">\"Id\u017a za g\u0142osem serca\" - Moja Metoda\u200b<\/h2>\t\t\t\t<\/div>\n\t\t\t\t<\/div>\n\t\t\t\t<div class=\"elementor-element elementor-element-43e96b94 elementor-invisible elementor-widget elementor-widget-text-editor\" data-id=\"43e96b94\" data-element_type=\"widget\" data-settings=\"{&quot;_animation&quot;:&quot;fadeInUp&quot;}\" data-widget_type=\"text-editor.default\">\n\t\t\t\t<div class=\"elementor-widget-container\">\n\t\t\t\t\t\t\t\t\t<p>Metoda &#8222;Id\u017a za g\u0142osem serca&#8221; to esencja mojej pracy. To podej\u015bcie, kt\u00f3re pomaga moim klientom odkry\u0107 i ws\u0142uchiwa\u0107 si\u0119 w sw\u00f3j wewn\u0119trzny g\u0142os. Razem pokonujemy blokady, kt\u00f3re mog\u0105 ich hamowa\u0107, i wydobywamy to, co najlepsze w ka\u017cdym z nas. To narz\u0119dzie do transformacji i realizacji marze\u0144.<br><\/p>\t\t\t\t\t\t\t\t<\/div>\n\t\t\t\t<\/div>\n\t\t\t\t\t<\/div>\n\t\t<\/div>\n\t\t\t\t\t<\/div>\n\t\t<\/section>\n\t\t\t\t<section class=\"elementor-section elementor-top-section elementor-element elementor-element-8d2661a elementor-section-content-middle elementor-section-boxed elementor-section-height-default elementor-section-height-default\" data-id=\"8d2661a\" data-element_type=\"section\">\n\t\t\t\t\t\t<div class=\"elementor-container elementor-column-gap-extended\">\n\t\t\t\t\t<div class=\"elementor-column elementor-col-100 elementor-top-column elementor-element elementor-element-ff53053\" data-id=\"ff53053\" data-element_type=\"column\">\n\t\t\t<div class=\"elementor-widget-wrap elementor-element-populated\">\n\t\t\t\t\t\t<div class=\"elementor-element elementor-element-8015fa9 elementor-invisible elementor-widget elementor-widget-heading\" data-id=\"8015fa9\" data-element_type=\"widget\" data-settings=\"{&quot;_animation&quot;:&quot;bounceInDown&quot;}\" data-widget_type=\"heading.default\">\n\t\t\t\t<div class=\"elementor-widget-container\">\n\t\t\t\t\t<h2 class=\"elementor-heading-title elementor-size-default\">Jak  mog\u0119 Ci pom\u00f3c?<\/h2>\t\t\t\t<\/div>\n\t\t\t\t<\/div>\n\t\t\t\t<div class=\"elementor-element elementor-element-b580920 elementor-invisible elementor-widget elementor-widget-text-editor\" data-id=\"b580920\" data-element_type=\"widget\" data-settings=\"{&quot;_animation&quot;:&quot;fadeInLeft&quot;}\" data-widget_type=\"text-editor.default\">\n\t\t\t\t<div class=\"elementor-widget-container\">\n\t\t\t\t\t\t\t\t\t<p>Je\u015bli jeste\u015b gotowa na podr\u00f3\u017c w poszukiwaniu swojego wewn\u0119trznego g\u0142osu, ch\u0119tnie Ci w tym pomog\u0119.\u00a0<\/p><p>Podj\u0119\u0142a\u015b decyzj\u0119 o zmianie, nie wiesz jednak od czego zacz\u0105\u0107?\u00a0<\/p><p>Potrzebujesz rady i wsparcia w procesie przej\u015bcia z miejsca, gdzie w tym momencie jeste\u015b, do miejsca, gdzie chcesz by\u0107?<\/p><p>Skontaktuj si\u0119 ze mn\u0105, aby\u015bmy mogli wsp\u00f3lnie odkrywa\u0107 Twoje potencja\u0142y i cele.<\/p>\t\t\t\t\t\t\t\t<\/div>\n\t\t\t\t<\/div>\n\t\t\t\t<section class=\"elementor-section elementor-inner-section elementor-element elementor-element-38b3941 elementor-section-content-middle elementor-section-boxed elementor-section-height-default elementor-section-height-default\" data-id=\"38b3941\" data-element_type=\"section\" data-settings=\"{&quot;background_background&quot;:&quot;classic&quot;}\">\n\t\t\t\t\t\t<div class=\"elementor-container elementor-column-gap-default\">\n\t\t\t\t\t<div class=\"elementor-column elementor-col-50 elementor-inner-column elementor-element elementor-element-7b56d5e elementor-invisible\" data-id=\"7b56d5e\" data-element_type=\"column\" data-settings=\"{&quot;background_background&quot;:&quot;classic&quot;,&quot;animation&quot;:&quot;fadeInUp&quot;}\">\n\t\t\t<div class=\"elementor-widget-wrap elementor-element-populated\">\n\t\t\t\t\t\t<div class=\"elementor-element elementor-element-c98c8f1 elementor-widget-divider--view-line elementor-widget elementor-widget-divider\" data-id=\"c98c8f1\" data-element_type=\"widget\" data-widget_type=\"divider.default\">\n\t\t\t\t<div class=\"elementor-widget-container\">\n\t\t\t\t\t\t\t<div class=\"elementor-divider\">\n\t\t\t<span class=\"elementor-divider-separator\">\n\t\t\t\t\t\t<\/span>\n\t\t<\/div>\n\t\t\t\t\t\t<\/div>\n\t\t\t\t<\/div>\n\t\t\t\t<div class=\"elementor-element elementor-element-49d401f elementor-widget elementor-widget-text-editor\" data-id=\"49d401f\" data-element_type=\"widget\" data-widget_type=\"text-editor.default\">\n\t\t\t\t<div class=\"elementor-widget-container\">\n\t\t\t\t\t\t\t\t\t<p>Podczas darmowej konsultacji b\u0119dziesz mog\u0142a opowiedzie\u0107 mi o swojej sytuacji, o swoich planach, o swoich celach, a ja przedstawi\u0119 Ci rozwi\u0105zania dopasowane do Ciebie.<\/p>\t\t\t\t\t\t\t\t<\/div>\n\t\t\t\t<\/div>\n\t\t\t\t\t<\/div>\n\t\t<\/div>\n\t\t\t\t<div class=\"elementor-column elementor-col-50 elementor-inner-column elementor-element elementor-element-0e84c90 elementor-invisible\" data-id=\"0e84c90\" data-element_type=\"column\" data-settings=\"{&quot;background_background&quot;:&quot;classic&quot;,&quot;animation&quot;:&quot;fadeInRight&quot;}\">\n\t\t\t<div class=\"elementor-widget-wrap elementor-element-populated\">\n\t\t\t\t\t<div class=\"elementor-background-overlay\"><\/div>\n\t\t\t\t\t\t<div class=\"elementor-element elementor-element-1b0c3ba elementor-invisible elementor-widget elementor-widget-heading\" data-id=\"1b0c3ba\" data-element_type=\"widget\" data-settings=\"{&quot;_animation&quot;:&quot;fadeInRight&quot;,&quot;_animation_delay&quot;:200}\" data-widget_type=\"heading.default\">\n\t\t\t\t<div class=\"elementor-widget-container\">\n\t\t\t\t\t<h2 class=\"elementor-heading-title elementor-size-default\">Nie zwlekaj! Napisz do mnie!\u00a0<\/h2>\t\t\t\t<\/div>\n\t\t\t\t<\/div>\n\t\t\t\t<div class=\"elementor-element elementor-element-9b797f1 elementor-invisible elementor-widget elementor-widget-button\" data-id=\"9b797f1\" data-element_type=\"widget\" data-settings=\"{&quot;_animation&quot;:&quot;rotateInUpLeft&quot;,&quot;_animation_delay&quot;:500}\" data-widget_type=\"button.default\">\n\t\t\t\t<div class=\"elementor-widget-container\">\n\t\t\t\t\t\t\t\t\t<div class=\"elementor-button-wrapper\">\n\t\t\t\t\t<a class=\"elementor-button elementor-button-link elementor-size-sm\" href=\"https:\/\/marta-tafelski.com\/kontakt-pl\/\">\n\t\t\t\t\t\t<span class=\"elementor-button-content-wrapper\">\n\t\t\t\t\t\t\t\t\t<span class=\"elementor-button-text\">Darmowa Konsultacja<\/span>\n\t\t\t\t\t<\/span>\n\t\t\t\t\t<\/a>\n\t\t\t\t<\/div>\n\t\t\t\t\t\t\t\t<\/div>\n\t\t\t\t<\/div>\n\t\t\t\t\t<\/div>\n\t\t<\/div>\n\t\t\t\t\t<\/div>\n\t\t<\/section>\n\t\t\t\t\t<\/div>\n\t\t<\/div>\n\t\t\t\t\t<\/div>\n\t\t<\/section>\n\t\t\t\t<\/div>\n\t\t","protected":false},"excerpt":{"rendered":"<p>O mnie Cze\u015b\u0107! Nazywam si\u0119 Marta Tafelski, jestem trenerk\u0105 rozwoju osobistego, mistrzyni\u0105 NLP (Neuro-Lingwistycznego Programowania), hipnoterapeutk\u0105 i piosenkark\u0105 &#8211; co\u015b w rodzaju &#8222;\u015bpiewaj\u0105cego coacha&#8221; . &hellip; <\/p>\n","protected":false},"author":1,"featured_media":0,"parent":0,"menu_order":0,"comment_status":"closed","ping_status":"closed","template":"","meta":{"footnotes":""},"yoast_head":"<!-- This site is optimized with the Yoast SEO plugin v23.8 - https:\/\/yoast.com\/wordpress\/plugins\/seo\/ -->\n<title>O mnie | Marta Tafelski<\/title>\n<meta name=\"robots\" content=\"noindex, follow\" \/>\n<meta property=\"og:locale\" content=\"pl_PL\" \/>\n<meta property=\"og:type\" content=\"article\" \/>\n<meta property=\"og:title\" content=\"O mnie | Marta Tafelski\" \/>\n<meta property=\"og:description\" content=\"O mnie Cze\u015b\u0107! Nazywam si\u0119 Marta Tafelski, jestem trenerk\u0105 rozwoju osobistego, mistrzyni\u0105 NLP (Neuro-Lingwistycznego Programowania), hipnoterapeutk\u0105 i piosenkark\u0105 &#8211; co\u015b w rodzaju &#8222;\u015bpiewaj\u0105cego coacha&#8221; . &hellip;\" \/>\n<meta property=\"og:url\" content=\"https:\/\/marta-tafelski.com\/pl\/about\/\" \/>\n<meta property=\"og:site_name\" content=\"Marta Tafelski\" \/>\n<meta property=\"article:publisher\" content=\"https:\/\/www.facebook.com\/marta.tafelski\" \/>\n<meta property=\"article:modified_time\" content=\"2024-11-13T15:15:58+00:00\" \/>\n<meta property=\"og:image\" content=\"https:\/\/marta-tafelski.com\/wp-content\/uploads\/2023\/10\/Marta2023-164-von-522-e1698149805841.jpg\" \/>\n\t<meta property=\"og:image:width\" content=\"449\" \/>\n\t<meta property=\"og:image:height\" content=\"639\" \/>\n\t<meta property=\"og:image:type\" content=\"image\/jpeg\" \/>\n<meta name=\"twitter:card\" content=\"summary_large_image\" \/>\n<meta name=\"twitter:label1\" content=\"Szacowany czas czytania\" \/>\n\t<meta name=\"twitter:data1\" content=\"2 minuty\" \/>\n<script type=\"application\/ld+json\" class=\"yoast-schema-graph\">{\"@context\":\"https:\/\/schema.org\",\"@graph\":[{\"@type\":\"WebPage\",\"@id\":\"https:\/\/marta-tafelski.com\/about\/\",\"url\":\"https:\/\/marta-tafelski.com\/about\/\",\"name\":\"O mnie | Marta Tafelski\",\"isPartOf\":{\"@id\":\"https:\/\/marta-tafelski.com\/#website\"},\"primaryImageOfPage\":{\"@id\":\"https:\/\/marta-tafelski.com\/about\/#primaryimage\"},\"image\":{\"@id\":\"https:\/\/marta-tafelski.com\/about\/#primaryimage\"},\"thumbnailUrl\":\"https:\/\/marta-tafelski.com\/wp-content\/uploads\/2023\/10\/Marta2023-164-von-522-e1698149805841.jpg\",\"datePublished\":\"2019-04-17T10:04:40+00:00\",\"dateModified\":\"2024-11-13T15:15:58+00:00\",\"breadcrumb\":{\"@id\":\"https:\/\/marta-tafelski.com\/about\/#breadcrumb\"},\"inLanguage\":\"pl-PL\",\"potentialAction\":[{\"@type\":\"ReadAction\",\"target\":[\"https:\/\/marta-tafelski.com\/about\/\"]}]},{\"@type\":\"ImageObject\",\"inLanguage\":\"pl-PL\",\"@id\":\"https:\/\/marta-tafelski.com\/about\/#primaryimage\",\"url\":\"https:\/\/marta-tafelski.com\/wp-content\/uploads\/2023\/10\/Marta2023-164-von-522-e1698149805841.jpg\",\"contentUrl\":\"https:\/\/marta-tafelski.com\/wp-content\/uploads\/2023\/10\/Marta2023-164-von-522-e1698149805841.jpg\"},{\"@type\":\"BreadcrumbList\",\"@id\":\"https:\/\/marta-tafelski.com\/about\/#breadcrumb\",\"itemListElement\":[{\"@type\":\"ListItem\",\"position\":1,\"name\":\"Strona g\u0142\u00f3wna\",\"item\":\"https:\/\/marta-tafelski.com\/\"},{\"@type\":\"ListItem\",\"position\":2,\"name\":\"O mnie\"}]},{\"@type\":\"WebSite\",\"@id\":\"https:\/\/marta-tafelski.com\/#website\",\"url\":\"https:\/\/marta-tafelski.com\/\",\"name\":\"Marta Tafelski\",\"description\":\"Coaching | Music | Consulting\",\"publisher\":{\"@id\":\"https:\/\/marta-tafelski.com\/#\/schema\/person\/65ccabda9c3e0546fd522b12bd1a360c\"},\"potentialAction\":[{\"@type\":\"SearchAction\",\"target\":{\"@type\":\"EntryPoint\",\"urlTemplate\":\"https:\/\/marta-tafelski.com\/?s={search_term_string}\"},\"query-input\":{\"@type\":\"PropertyValueSpecification\",\"valueRequired\":true,\"valueName\":\"search_term_string\"}}],\"inLanguage\":\"pl-PL\"},{\"@type\":[\"Person\",\"Organization\"],\"@id\":\"https:\/\/marta-tafelski.com\/#\/schema\/person\/65ccabda9c3e0546fd522b12bd1a360c\",\"name\":\"Marta Tafelski\",\"image\":{\"@type\":\"ImageObject\",\"inLanguage\":\"pl-PL\",\"@id\":\"https:\/\/marta-tafelski.com\/#\/schema\/person\/image\/\",\"url\":\"https:\/\/marta-tafelski.com\/wp-content\/uploads\/2024\/11\/LOGO-1.png\",\"contentUrl\":\"https:\/\/marta-tafelski.com\/wp-content\/uploads\/2024\/11\/LOGO-1.png\",\"width\":512,\"height\":512,\"caption\":\"Marta Tafelski\"},\"logo\":{\"@id\":\"https:\/\/marta-tafelski.com\/#\/schema\/person\/image\/\"},\"sameAs\":[\"http:\/\/www.marta-tafelski.com\",\"https:\/\/www.facebook.com\/marta.tafelski\",\"https:\/\/www.instagram.com\/marta.tafelski\/?hl=de\",\"https:\/\/youtube.com\/channel\/UCPTT16OLuyhrNC4K2XlKXPQ\"]}]}<\/script>\n<!-- \/ Yoast SEO plugin. -->","yoast_head_json":{"title":"O mnie | Marta Tafelski","robots":{"index":"noindex","follow":"follow"},"og_locale":"pl_PL","og_type":"article","og_title":"O mnie | Marta Tafelski","og_description":"O mnie Cze\u015b\u0107! Nazywam si\u0119 Marta Tafelski, jestem trenerk\u0105 rozwoju osobistego, mistrzyni\u0105 NLP (Neuro-Lingwistycznego Programowania), hipnoterapeutk\u0105 i piosenkark\u0105 &#8211; co\u015b w rodzaju &#8222;\u015bpiewaj\u0105cego coacha&#8221; . &hellip;","og_url":"https:\/\/marta-tafelski.com\/pl\/about\/","og_site_name":"Marta Tafelski","article_publisher":"https:\/\/www.facebook.com\/marta.tafelski","article_modified_time":"2024-11-13T15:15:58+00:00","og_image":[{"width":449,"height":639,"url":"https:\/\/marta-tafelski.com\/wp-content\/uploads\/2023\/10\/Marta2023-164-von-522-e1698149805841.jpg","type":"image\/jpeg"}],"twitter_card":"summary_large_image","twitter_misc":{"Szacowany czas czytania":"2 minuty"},"schema":{"@context":"https:\/\/schema.org","@graph":[{"@type":"WebPage","@id":"https:\/\/marta-tafelski.com\/about\/","url":"https:\/\/marta-tafelski.com\/about\/","name":"O mnie | Marta Tafelski","isPartOf":{"@id":"https:\/\/marta-tafelski.com\/#website"},"primaryImageOfPage":{"@id":"https:\/\/marta-tafelski.com\/about\/#primaryimage"},"image":{"@id":"https:\/\/marta-tafelski.com\/about\/#primaryimage"},"thumbnailUrl":"https:\/\/marta-tafelski.com\/wp-content\/uploads\/2023\/10\/Marta2023-164-von-522-e1698149805841.jpg","datePublished":"2019-04-17T10:04:40+00:00","dateModified":"2024-11-13T15:15:58+00:00","breadcrumb":{"@id":"https:\/\/marta-tafelski.com\/about\/#breadcrumb"},"inLanguage":"pl-PL","potentialAction":[{"@type":"ReadAction","target":["https:\/\/marta-tafelski.com\/about\/"]}]},{"@type":"ImageObject","inLanguage":"pl-PL","@id":"https:\/\/marta-tafelski.com\/about\/#primaryimage","url":"https:\/\/marta-tafelski.com\/wp-content\/uploads\/2023\/10\/Marta2023-164-von-522-e1698149805841.jpg","contentUrl":"https:\/\/marta-tafelski.com\/wp-content\/uploads\/2023\/10\/Marta2023-164-von-522-e1698149805841.jpg"},{"@type":"BreadcrumbList","@id":"https:\/\/marta-tafelski.com\/about\/#breadcrumb","itemListElement":[{"@type":"ListItem","position":1,"name":"Strona g\u0142\u00f3wna","item":"https:\/\/marta-tafelski.com\/"},{"@type":"ListItem","position":2,"name":"O mnie"}]},{"@type":"WebSite","@id":"https:\/\/marta-tafelski.com\/#website","url":"https:\/\/marta-tafelski.com\/","name":"Marta Tafelski","description":"Coaching | Music | Consulting","publisher":{"@id":"https:\/\/marta-tafelski.com\/#\/schema\/person\/65ccabda9c3e0546fd522b12bd1a360c"},"potentialAction":[{"@type":"SearchAction","target":{"@type":"EntryPoint","urlTemplate":"https:\/\/marta-tafelski.com\/?s={search_term_string}"},"query-input":{"@type":"PropertyValueSpecification","valueRequired":true,"valueName":"search_term_string"}}],"inLanguage":"pl-PL"},{"@type":["Person","Organization"],"@id":"https:\/\/marta-tafelski.com\/#\/schema\/person\/65ccabda9c3e0546fd522b12bd1a360c","name":"Marta Tafelski","image":{"@type":"ImageObject","inLanguage":"pl-PL","@id":"https:\/\/marta-tafelski.com\/#\/schema\/person\/image\/","url":"https:\/\/marta-tafelski.com\/wp-content\/uploads\/2024\/11\/LOGO-1.png","contentUrl":"https:\/\/marta-tafelski.com\/wp-content\/uploads\/2024\/11\/LOGO-1.png","width":512,"height":512,"caption":"Marta Tafelski"},"logo":{"@id":"https:\/\/marta-tafelski.com\/#\/schema\/person\/image\/"},"sameAs":["http:\/\/www.marta-tafelski.com","https:\/\/www.facebook.com\/marta.tafelski","https:\/\/www.instagram.com\/marta.tafelski\/?hl=de","https:\/\/youtube.com\/channel\/UCPTT16OLuyhrNC4K2XlKXPQ"]}]}},"_links":{"self":[{"href":"https:\/\/marta-tafelski.com\/pl\/wp-json\/wp\/v2\/pages\/621"}],"collection":[{"href":"https:\/\/marta-tafelski.com\/pl\/wp-json\/wp\/v2\/pages"}],"about":[{"href":"https:\/\/marta-tafelski.com\/pl\/wp-json\/wp\/v2\/types\/page"}],"author":[{"embeddable":true,"href":"https:\/\/marta-tafelski.com\/pl\/wp-json\/wp\/v2\/users\/1"}],"replies":[{"embeddable":true,"href":"https:\/\/marta-tafelski.com\/pl\/wp-json\/wp\/v2\/comments?post=621"}],"version-history":[{"count":10,"href":"https:\/\/marta-tafelski.com\/pl\/wp-json\/wp\/v2\/pages\/621\/revisions"}],"predecessor-version":[{"id":32945,"href":"https:\/\/marta-tafelski.com\/pl\/wp-json\/wp\/v2\/pages\/621\/revisions\/32945"}],"wp:attachment":[{"href":"https:\/\/marta-tafelski.com\/pl\/wp-json\/wp\/v2\/media?parent=621"}],"curies":[{"name":"wp","href":"https:\/\/api.w.org\/{rel}","templated":true}]}}