{"id":376,"date":"2021-02-01T11:44:52","date_gmt":"2021-02-01T10:44:52","guid":{"rendered":"https:\/\/marta-tafelski.com\/contact\/"},"modified":"2025-05-22T16:10:56","modified_gmt":"2025-05-22T14:10:56","slug":"kontakt-pl","status":"publish","type":"page","link":"https:\/\/marta-tafelski.com\/de\/kontakt-pl\/","title":{"rendered":"KONTAKT"},"content":{"rendered":"<div data-elementor-type=\"wp-post\" data-elementor-id=\"376\" class=\"elementor elementor-376\">\n\t\t\t\t\t\t<section class=\"elementor-section elementor-top-section elementor-element elementor-element-24c9128 elementor-section-boxed elementor-section-height-default elementor-section-height-default\" data-id=\"24c9128\" data-element_type=\"section\">\n\t\t\t\t\t\t<div class=\"elementor-container elementor-column-gap-default\">\n\t\t\t\t\t<div class=\"elementor-column elementor-col-100 elementor-top-column elementor-element elementor-element-e03e2ae\" data-id=\"e03e2ae\" data-element_type=\"column\">\n\t\t\t<div class=\"elementor-widget-wrap elementor-element-populated\">\n\t\t\t\t\t\t<section class=\"elementor-section elementor-inner-section elementor-element elementor-element-7bd87c0 elementor-section-content-top elementor-section-boxed elementor-section-height-default elementor-section-height-default\" data-id=\"7bd87c0\" data-element_type=\"section\">\n\t\t\t\t\t\t<div class=\"elementor-container elementor-column-gap-extended\">\n\t\t\t\t\t<div class=\"elementor-column elementor-col-50 elementor-inner-column elementor-element elementor-element-f6df5e9\" data-id=\"f6df5e9\" data-element_type=\"column\">\n\t\t\t<div class=\"elementor-widget-wrap elementor-element-populated\">\n\t\t\t\t\t\t<div class=\"elementor-element elementor-element-5a238e49 elementor-widget elementor-widget-heading\" data-id=\"5a238e49\" data-element_type=\"widget\" data-widget_type=\"heading.default\">\n\t\t\t\t<div class=\"elementor-widget-container\">\n\t\t\t\t\t<h2 class=\"elementor-heading-title elementor-size-xl\">Bleiben wir im Kontakt?<\/h2>\t\t\t\t<\/div>\n\t\t\t\t<\/div>\n\t\t\t\t<div class=\"elementor-element elementor-element-6413bee1 elementor-widget elementor-widget-text-editor\" data-id=\"6413bee1\" data-element_type=\"widget\" data-widget_type=\"text-editor.default\">\n\t\t\t\t<div class=\"elementor-widget-container\">\n\t\t\t\t\t\t\t\t\t<p>Z\u00f6gere nicht!\n\nGebe Dir die Chance auf ein erf\u00fclltes und gl\u00fcckliches Leben.  Erreiche Deine Ziele und Tr\u00e4ume mit Leichtigkeit und Einfachheit!<\/p>\t\t\t\t\t\t\t\t<\/div>\n\t\t\t\t<\/div>\n\t\t\t\t<div class=\"elementor-element elementor-element-ae32306 e-grid-align-left elementor-shape-rounded elementor-grid-0 elementor-widget elementor-widget-social-icons\" data-id=\"ae32306\" data-element_type=\"widget\" data-widget_type=\"social-icons.default\">\n\t\t\t\t<div class=\"elementor-widget-container\">\n\t\t\t\t\t\t\t<div class=\"elementor-social-icons-wrapper elementor-grid\">\n\t\t\t\t\t\t\t<span class=\"elementor-grid-item\">\n\t\t\t\t\t<a class=\"elementor-icon elementor-social-icon elementor-social-icon-facebook-f elementor-animation-grow elementor-repeater-item-1fc929f\" href=\"https:\/\/www.facebook.com\/marta.tafelski\" target=\"_blank\">\n\t\t\t\t\t\t<span class=\"elementor-screen-only\">Facebook-f<\/span>\n\t\t\t\t\t\t<svg class=\"e-font-icon-svg e-fab-facebook-f\" viewbox=\"0 0 320 512\" xmlns=\"http:\/\/www.w3.org\/2000\/svg\"><path d=\"M279.14 288l14.22-92.66h-88.91v-60.13c0-25.35 12.42-50.06 52.24-50.06h40.42V6.26S260.43 0 225.36 0c-73.22 0-121.08 44.38-121.08 124.72v70.62H22.89V288h81.39v224h100.17V288z\"><\/path><\/svg>\t\t\t\t\t<\/a>\n\t\t\t\t<\/span>\n\t\t\t\t\t\t\t<span class=\"elementor-grid-item\">\n\t\t\t\t\t<a class=\"elementor-icon elementor-social-icon elementor-social-icon-instagram elementor-animation-grow elementor-repeater-item-e2f7600\" href=\"https:\/\/www.instagram.com\/marta.tafelski\/?hl=de\" target=\"_blank\">\n\t\t\t\t\t\t<span class=\"elementor-screen-only\">Instagram<\/span>\n\t\t\t\t\t\t<svg class=\"e-font-icon-svg e-fab-instagram\" viewbox=\"0 0 448 512\" xmlns=\"http:\/\/www.w3.org\/2000\/svg\"><path d=\"M224.1 141c-63.6 0-114.9 51.3-114.9 114.9s51.3 114.9 114.9 114.9S339 319.5 339 255.9 287.7 141 224.1 141zm0 189.6c-41.1 0-74.7-33.5-74.7-74.7s33.5-74.7 74.7-74.7 74.7 33.5 74.7 74.7-33.6 74.7-74.7 74.7zm146.4-194.3c0 14.9-12 26.8-26.8 26.8-14.9 0-26.8-12-26.8-26.8s12-26.8 26.8-26.8 26.8 12 26.8 26.8zm76.1 27.2c-1.7-35.9-9.9-67.7-36.2-93.9-26.2-26.2-58-34.4-93.9-36.2-37-2.1-147.9-2.1-184.9 0-35.8 1.7-67.6 9.9-93.9 36.1s-34.4 58-36.2 93.9c-2.1 37-2.1 147.9 0 184.9 1.7 35.9 9.9 67.7 36.2 93.9s58 34.4 93.9 36.2c37 2.1 147.9 2.1 184.9 0 35.9-1.7 67.7-9.9 93.9-36.2 26.2-26.2 34.4-58 36.2-93.9 2.1-37 2.1-147.8 0-184.8zM398.8 388c-7.8 19.6-22.9 34.7-42.6 42.6-29.5 11.7-99.5 9-132.1 9s-102.7 2.6-132.1-9c-19.6-7.8-34.7-22.9-42.6-42.6-11.7-29.5-9-99.5-9-132.1s-2.6-102.7 9-132.1c7.8-19.6 22.9-34.7 42.6-42.6 29.5-11.7 99.5-9 132.1-9s102.7-2.6 132.1 9c19.6 7.8 34.7 22.9 42.6 42.6 11.7 29.5 9 99.5 9 132.1s2.7 102.7-9 132.1z\"><\/path><\/svg>\t\t\t\t\t<\/a>\n\t\t\t\t<\/span>\n\t\t\t\t\t\t\t<span class=\"elementor-grid-item\">\n\t\t\t\t\t<a class=\"elementor-icon elementor-social-icon elementor-social-icon-youtube elementor-animation-grow elementor-repeater-item-ccfa2a8\" href=\"https:\/\/www.youtube.com\/@martatafelski-przebudzenie\/\" target=\"_blank\">\n\t\t\t\t\t\t<span class=\"elementor-screen-only\">YouTube<\/span>\n\t\t\t\t\t\t<svg class=\"e-font-icon-svg e-fab-youtube\" viewbox=\"0 0 576 512\" xmlns=\"http:\/\/www.w3.org\/2000\/svg\"><path d=\"M549.655 124.083c-6.281-23.65-24.787-42.276-48.284-48.597C458.781 64 288 64 288 64S117.22 64 74.629 75.486c-23.497 6.322-42.003 24.947-48.284 48.597-11.412 42.867-11.412 132.305-11.412 132.305s0 89.438 11.412 132.305c6.281 23.65 24.787 41.5 48.284 47.821C117.22 448 288 448 288 448s170.78 0 213.371-11.486c23.497-6.321 42.003-24.171 48.284-47.821 11.412-42.867 11.412-132.305 11.412-132.305s0-89.438-11.412-132.305zm-317.51 213.508V175.185l142.739 81.205-142.739 81.201z\"><\/path><\/svg>\t\t\t\t\t<\/a>\n\t\t\t\t<\/span>\n\t\t\t\t\t<\/div>\n\t\t\t\t\t\t<\/div>\n\t\t\t\t<\/div>\n\t\t\t\t<div class=\"elementor-element elementor-element-2a58ba6 elementor-widget elementor-widget-text-editor\" data-id=\"2a58ba6\" data-element_type=\"widget\" data-widget_type=\"text-editor.default\">\n\t\t\t\t<div class=\"elementor-widget-container\">\n\t\t\t\t\t\t\t\t\t<p>\u00a0<\/p><p><span data-redactor-style-cache=\"color: rgb(0, 0, 0);\"><strong>Tel.:<\/strong>\u00a0+49 1522 4792695<\/span><\/p><p><span data-redactor-style-cache=\"color: rgb(0, 0, 0);\"><strong>Mail:<\/strong> kontakt@marta-tafelski.com<\/span><\/p>\t\t\t\t\t\t\t\t<\/div>\n\t\t\t\t<\/div>\n\t\t\t\t\t<\/div>\n\t\t<\/div>\n\t\t\t\t<div class=\"elementor-column elementor-col-50 elementor-inner-column elementor-element elementor-element-48be229\" data-id=\"48be229\" data-element_type=\"column\">\n\t\t\t<div class=\"elementor-widget-wrap elementor-element-populated\">\n\t\t\t\t\t\t<div class=\"elementor-element elementor-element-70901f9 elementor-widget elementor-widget-shortcode\" data-id=\"70901f9\" data-element_type=\"widget\" data-widget_type=\"shortcode.default\">\n\t\t\t\t<div class=\"elementor-widget-container\">\n\t\t\t\t\t\t\t<div class=\"elementor-shortcode\"><div class=\"wpforms-container\" id=\"wpforms-244\"><form id=\"wpforms-form-244\" class=\"wpforms-validate wpforms-form\" data-formid=\"244\" method=\"post\" enctype=\"multipart\/form-data\" action=\"\/de\/wp-json\/wp\/v2\/pages\/376\" data-token=\"ba0a4287688483ca49538a3c21a9d455\" data-token-time=\"1776568557\" data-trp-original-action=\"\/de\/wp-json\/wp\/v2\/pages\/376\"><noscript class=\"wpforms-error-noscript\">Bitte aktiviere JavaScript in deinem Browser, um dieses Formular fertigzustellen.<\/noscript><div class=\"wpforms-field-container\"><div id=\"wpforms-244-field_0-container\" class=\"wpforms-field wpforms-field-name\" data-field-id=\"0\"><label class=\"wpforms-field-label\" for=\"wpforms-244-field_0\">Vor- und Nachname<\/label><input type=\"text\" id=\"wpforms-244-field_0\" class=\"wpforms-field-large\" name=\"wpforms[fields][0]\" ><\/div><div id=\"wpforms-244-field_1-container\" class=\"wpforms-field wpforms-field-email\" data-field-id=\"1\"><label class=\"wpforms-field-label\" for=\"wpforms-244-field_1\">Email-Adresse  <span class=\"wpforms-required-label\">*<\/span><\/label><input type=\"email\" id=\"wpforms-244-field_1\" class=\"wpforms-field-large wpforms-field-required\" name=\"wpforms[fields][1]\" spellcheck=\"false\" required><\/div><div id=\"wpforms-244-field_3-container\" class=\"wpforms-field wpforms-field-text\" data-field-id=\"3\"><label class=\"wpforms-field-label\" for=\"wpforms-244-field_3\">Betreff<\/label><input type=\"text\" id=\"wpforms-244-field_3\" class=\"wpforms-field-large\" name=\"wpforms[fields][3]\" ><\/div><div id=\"wpforms-244-field_2-container\" class=\"wpforms-field wpforms-field-textarea\" data-field-id=\"2\"><label class=\"wpforms-field-label\" for=\"wpforms-244-field_2\">Deine Nachricht<\/label><textarea id=\"wpforms-244-field_2\" class=\"wpforms-field-large\" name=\"wpforms[fields][2]\" ><\/textarea><\/div><div id=\"wpforms-244-field_5-container\" class=\"wpforms-field wpforms-field-checkbox\" data-field-id=\"5\"><ul id=\"wpforms-244-field_5\" class=\"wpforms-field-required\"><li class=\"choice-1 depth-1\"><input type=\"checkbox\" id=\"wpforms-244-field_5_1\" name=\"wpforms[fields][5][]\" value=\"Zapozna\u0142am sie z &lt;a href=&quot;https:\/\/marta-tafelski.com\/polityka-prywatnosci\/&quot;&gt;&quot;polityk\u0105 prywatno\u015bci&quot;,&lt;\/a&gt;\" required><label class=\"wpforms-field-label-inline\" for=\"wpforms-244-field_5_1\">Ich akzeptiere die <a href=\"https:\/\/marta-tafelski.com\/de\/polityka-prywatnosci\/\">\"Datenschutzerkl\u00e4rung\",<\/a><\/label><\/li><\/ul><\/div><\/div><!-- .wpforms-field-container --><div class=\"wpforms-field wpforms-field-hp\"><label for=\"wpforms-244-field-hp\" class=\"wpforms-field-label\">Comment<\/label><input type=\"text\" name=\"wpforms[hp]\" id=\"wpforms-244-field-hp\" class=\"wpforms-field-medium\"><\/div><div class=\"wpforms-submit-container\" ><input type=\"hidden\" name=\"wpforms[id]\" value=\"244\"><input type=\"hidden\" name=\"page_title\" value=\"\"><input type=\"hidden\" name=\"page_url\" value=\"https:\/\/marta-tafelski.com\/de\/wp-json\/wp\/v2\/pages\/376\"><input type=\"hidden\" name=\"url_referer\" value=\"\"><button type=\"submit\" name=\"wpforms[submit]\" id=\"wpforms-submit-244\" class=\"wpforms-submit\" data-alt-text=\"Wysy\u0142anie...\" data-submit-text=\"Wy\u015blij\" aria-live=\"assertive\" value=\"wpforms-submit\">Sende<\/button><\/div><input type=\"hidden\" name=\"trp-form-language\" value=\"de\"\/><\/form><\/div>  <!-- .wpforms-container --><\/div>\n\t\t\t\t\t\t<\/div>\n\t\t\t\t<\/div>\n\t\t\t\t\t<\/div>\n\t\t<\/div>\n\t\t\t\t\t<\/div>\n\t\t<\/section>\n\t\t\t\t\t<\/div>\n\t\t<\/div>\n\t\t\t\t\t<\/div>\n\t\t<\/section>\n\t\t\t\t<\/div>","protected":false},"excerpt":{"rendered":"<p>Skontaktuj si\u0119 ze mn\u0105! Nie wahaj si\u0119! Daj sobie szans\u0119 na spe\u0142nione i szcz\u0119\u015bliwe \u017cycie, osi\u0105gaj swoje cele i marzenia z \u0142atwo\u015bci\u0105 i lekko\u015bci\u0105! Facebook-f &hellip; <\/p>","protected":false},"author":1,"featured_media":0,"parent":0,"menu_order":0,"comment_status":"closed","ping_status":"closed","template":"","meta":{"footnotes":""},"yoast_head":"<!-- This site is optimized with the Yoast SEO plugin v23.8 - https:\/\/yoast.com\/wordpress\/plugins\/seo\/ -->\n<title>KONTAKT | Marta Tafelski<\/title>\n<meta name=\"description\" content=\"Nie wahaj si\u0119! Daj sobie szans\u0119 na spe\u0142nione i szcz\u0119\u015bliwe \u017cycie, osi\u0105gaj swoje cele i marzenia z \u0142atwo\u015bci\u0105 i lekko\u015bci\u0105!\" \/>\n<meta name=\"robots\" content=\"index, follow, max-snippet:-1, max-image-preview:large, max-video-preview:-1\" \/>\n<link rel=\"canonical\" href=\"https:\/\/marta-tafelski.com\/de\/kontakt-pl\/\" \/>\n<meta property=\"og:locale\" content=\"de_DE\" \/>\n<meta property=\"og:type\" content=\"article\" \/>\n<meta property=\"og:title\" content=\"KONTAKT | Marta Tafelski\" \/>\n<meta property=\"og:description\" content=\"Nie wahaj si\u0119! Daj sobie szans\u0119 na spe\u0142nione i szcz\u0119\u015bliwe \u017cycie, osi\u0105gaj swoje cele i marzenia z \u0142atwo\u015bci\u0105 i lekko\u015bci\u0105!\" \/>\n<meta property=\"og:url\" content=\"https:\/\/marta-tafelski.com\/de\/kontakt-pl\/\" \/>\n<meta property=\"og:site_name\" content=\"Marta Tafelski\" \/>\n<meta property=\"article:publisher\" content=\"https:\/\/www.facebook.com\/marta.tafelski\" \/>\n<meta property=\"article:modified_time\" content=\"2025-05-22T14:10:56+00:00\" \/>\n<meta name=\"twitter:card\" content=\"summary_large_image\" \/>\n<meta name=\"twitter:label1\" content=\"Gesch\u00e4tzte Lesezeit\" \/>\n\t<meta name=\"twitter:data1\" content=\"1\u00a0Minute\" \/>\n<script type=\"application\/ld+json\" class=\"yoast-schema-graph\">{\"@context\":\"https:\/\/schema.org\",\"@graph\":[{\"@type\":[\"WebPage\",\"ContactPage\"],\"@id\":\"https:\/\/marta-tafelski.com\/kontakt-pl\/\",\"url\":\"https:\/\/marta-tafelski.com\/kontakt-pl\/\",\"name\":\"KONTAKT | Marta Tafelski\",\"isPartOf\":{\"@id\":\"https:\/\/marta-tafelski.com\/#website\"},\"datePublished\":\"2021-02-01T10:44:52+00:00\",\"dateModified\":\"2025-05-22T14:10:56+00:00\",\"description\":\"Nie wahaj si\u0119! Daj sobie szans\u0119 na spe\u0142nione i szcz\u0119\u015bliwe \u017cycie, osi\u0105gaj swoje cele i marzenia z \u0142atwo\u015bci\u0105 i lekko\u015bci\u0105!\",\"breadcrumb\":{\"@id\":\"https:\/\/marta-tafelski.com\/kontakt-pl\/#breadcrumb\"},\"inLanguage\":\"de\",\"potentialAction\":[{\"@type\":\"ReadAction\",\"target\":[\"https:\/\/marta-tafelski.com\/kontakt-pl\/\"]}]},{\"@type\":\"BreadcrumbList\",\"@id\":\"https:\/\/marta-tafelski.com\/kontakt-pl\/#breadcrumb\",\"itemListElement\":[{\"@type\":\"ListItem\",\"position\":1,\"name\":\"Strona g\u0142\u00f3wna\",\"item\":\"https:\/\/marta-tafelski.com\/\"},{\"@type\":\"ListItem\",\"position\":2,\"name\":\"KONTAKT\"}]},{\"@type\":\"WebSite\",\"@id\":\"https:\/\/marta-tafelski.com\/#website\",\"url\":\"https:\/\/marta-tafelski.com\/\",\"name\":\"Marta Tafelski\",\"description\":\"Coaching | Music | Consulting\",\"publisher\":{\"@id\":\"https:\/\/marta-tafelski.com\/#\/schema\/person\/65ccabda9c3e0546fd522b12bd1a360c\"},\"potentialAction\":[{\"@type\":\"SearchAction\",\"target\":{\"@type\":\"EntryPoint\",\"urlTemplate\":\"https:\/\/marta-tafelski.com\/?s={search_term_string}\"},\"query-input\":{\"@type\":\"PropertyValueSpecification\",\"valueRequired\":true,\"valueName\":\"search_term_string\"}}],\"inLanguage\":\"de\"},{\"@type\":[\"Person\",\"Organization\"],\"@id\":\"https:\/\/marta-tafelski.com\/#\/schema\/person\/65ccabda9c3e0546fd522b12bd1a360c\",\"name\":\"Marta Tafelski\",\"image\":{\"@type\":\"ImageObject\",\"inLanguage\":\"de\",\"@id\":\"https:\/\/marta-tafelski.com\/#\/schema\/person\/image\/\",\"url\":\"https:\/\/marta-tafelski.com\/wp-content\/uploads\/2024\/11\/LOGO-1.png\",\"contentUrl\":\"https:\/\/marta-tafelski.com\/wp-content\/uploads\/2024\/11\/LOGO-1.png\",\"width\":512,\"height\":512,\"caption\":\"Marta Tafelski\"},\"logo\":{\"@id\":\"https:\/\/marta-tafelski.com\/#\/schema\/person\/image\/\"},\"sameAs\":[\"http:\/\/www.marta-tafelski.com\",\"https:\/\/www.facebook.com\/marta.tafelski\",\"https:\/\/www.instagram.com\/marta.tafelski\/?hl=de\",\"https:\/\/youtube.com\/channel\/UCPTT16OLuyhrNC4K2XlKXPQ\"]}]}<\/script>\n<!-- \/ Yoast SEO plugin. -->","yoast_head_json":{"title":"KONTAKT | Marta Tafelski","description":"Z\u00f6gere nicht!\n\nGebe Dir die Chance auf ein erf\u00fclltes und gl\u00fcckliches Leben.  Erreiche Deine Ziele und Tr\u00e4ume mit Leichtigkeit und Einfachheit!","robots":{"index":"index","follow":"follow","max-snippet":"max-snippet:-1","max-image-preview":"max-image-preview:large","max-video-preview":"max-video-preview:-1"},"canonical":"https:\/\/marta-tafelski.com\/de\/kontakt-pl\/","og_locale":"de_DE","og_type":"article","og_title":"KONTAKT | Marta Tafelski","og_description":"Nie wahaj si\u0119! Daj sobie szans\u0119 na spe\u0142nione i szcz\u0119\u015bliwe \u017cycie, osi\u0105gaj swoje cele i marzenia z \u0142atwo\u015bci\u0105 i lekko\u015bci\u0105!","og_url":"https:\/\/marta-tafelski.com\/de\/kontakt-pl\/","og_site_name":"Marta Tafelski","article_publisher":"https:\/\/www.facebook.com\/marta.tafelski","article_modified_time":"2025-05-22T14:10:56+00:00","twitter_card":"summary_large_image","twitter_misc":{"Gesch\u00e4tzte Lesezeit":"1\u00a0Minute"},"schema":{"@context":"https:\/\/schema.org","@graph":[{"@type":["WebPage","ContactPage"],"@id":"https:\/\/marta-tafelski.com\/kontakt-pl\/","url":"https:\/\/marta-tafelski.com\/kontakt-pl\/","name":"KONTAKT | Marta Tafelski","isPartOf":{"@id":"https:\/\/marta-tafelski.com\/#website"},"datePublished":"2021-02-01T10:44:52+00:00","dateModified":"2025-05-22T14:10:56+00:00","description":"Z\u00f6gere nicht!\n\nGebe Dir die Chance auf ein erf\u00fclltes und gl\u00fcckliches Leben.  Erreiche Deine Ziele und Tr\u00e4ume mit Leichtigkeit und Einfachheit!","breadcrumb":{"@id":"https:\/\/marta-tafelski.com\/kontakt-pl\/#breadcrumb"},"inLanguage":"de","potentialAction":[{"@type":"ReadAction","target":["https:\/\/marta-tafelski.com\/kontakt-pl\/"]}]},{"@type":"BreadcrumbList","@id":"https:\/\/marta-tafelski.com\/kontakt-pl\/#breadcrumb","itemListElement":[{"@type":"ListItem","position":1,"name":"Strona g\u0142\u00f3wna","item":"https:\/\/marta-tafelski.com\/"},{"@type":"ListItem","position":2,"name":"KONTAKT"}]},{"@type":"WebSite","@id":"https:\/\/marta-tafelski.com\/#website","url":"https:\/\/marta-tafelski.com\/","name":"Marta Tafelski","description":"Coaching | Music | Consulting","publisher":{"@id":"https:\/\/marta-tafelski.com\/#\/schema\/person\/65ccabda9c3e0546fd522b12bd1a360c"},"potentialAction":[{"@type":"SearchAction","target":{"@type":"EntryPoint","urlTemplate":"https:\/\/marta-tafelski.com\/?s={search_term_string}"},"query-input":{"@type":"PropertyValueSpecification","valueRequired":true,"valueName":"search_term_string"}}],"inLanguage":"de"},{"@type":["Person","Organization"],"@id":"https:\/\/marta-tafelski.com\/#\/schema\/person\/65ccabda9c3e0546fd522b12bd1a360c","name":"Marta Tafelski","image":{"@type":"ImageObject","inLanguage":"de","@id":"https:\/\/marta-tafelski.com\/#\/schema\/person\/image\/","url":"https:\/\/marta-tafelski.com\/wp-content\/uploads\/2024\/11\/LOGO-1.png","contentUrl":"https:\/\/marta-tafelski.com\/wp-content\/uploads\/2024\/11\/LOGO-1.png","width":512,"height":512,"caption":"Marta Tafelski"},"logo":{"@id":"https:\/\/marta-tafelski.com\/#\/schema\/person\/image\/"},"sameAs":["http:\/\/www.marta-tafelski.com","https:\/\/www.facebook.com\/marta.tafelski","https:\/\/www.instagram.com\/marta.tafelski\/?hl=de","https:\/\/youtube.com\/channel\/UCPTT16OLuyhrNC4K2XlKXPQ"]}]}},"_links":{"self":[{"href":"https:\/\/marta-tafelski.com\/de\/wp-json\/wp\/v2\/pages\/376"}],"collection":[{"href":"https:\/\/marta-tafelski.com\/de\/wp-json\/wp\/v2\/pages"}],"about":[{"href":"https:\/\/marta-tafelski.com\/de\/wp-json\/wp\/v2\/types\/page"}],"author":[{"embeddable":true,"href":"https:\/\/marta-tafelski.com\/de\/wp-json\/wp\/v2\/users\/1"}],"replies":[{"embeddable":true,"href":"https:\/\/marta-tafelski.com\/de\/wp-json\/wp\/v2\/comments?post=376"}],"version-history":[{"count":0,"href":"https:\/\/marta-tafelski.com\/de\/wp-json\/wp\/v2\/pages\/376\/revisions"}],"wp:attachment":[{"href":"https:\/\/marta-tafelski.com\/de\/wp-json\/wp\/v2\/media?parent=376"}],"curies":[{"name":"wp","href":"https:\/\/api.w.org\/{rel}","templated":true}]}}