{"id":375,"date":"2021-02-01T11:43:05","date_gmt":"2021-02-01T10:43:05","guid":{"rendered":"https:\/\/marta-tafelski.com\/courses\/"},"modified":"2023-11-01T11:11:01","modified_gmt":"2023-11-01T10:11:01","slug":"wspolpraca","status":"publish","type":"page","link":"https:\/\/marta-tafelski.com\/de\/wspolpraca\/","title":{"rendered":"Zusammenarbeit"},"content":{"rendered":"<div data-elementor-type=\"wp-post\" data-elementor-id=\"375\" class=\"elementor elementor-375\">\n\t\t\t\t\t\t<section class=\"elementor-section elementor-top-section elementor-element elementor-element-53bd6a3 elementor-section-content-middle elementor-section-boxed elementor-section-height-default elementor-section-height-default\" data-id=\"53bd6a3\" data-element_type=\"section\">\n\t\t\t\t\t\t<div class=\"elementor-container elementor-column-gap-extended\">\n\t\t\t\t\t<div class=\"elementor-column elementor-col-100 elementor-top-column elementor-element elementor-element-a752c72\" data-id=\"a752c72\" data-element_type=\"column\">\n\t\t\t<div class=\"elementor-widget-wrap elementor-element-populated\">\n\t\t\t\t\t\t<div class=\"elementor-element elementor-element-7d99f2da elementor-invisible elementor-widget elementor-widget-heading\" data-id=\"7d99f2da\" data-element_type=\"widget\" data-settings=\"{&quot;_animation&quot;:&quot;fadeInDown&quot;}\" data-widget_type=\"heading.default\">\n\t\t\t\t<div class=\"elementor-widget-container\">\n\t\t\t\t\t<h1 class=\"elementor-heading-title elementor-size-xxl\">Wie helfe ich?<\/h1>\t\t\t\t<\/div>\n\t\t\t\t<\/div>\n\t\t\t\t<div class=\"elementor-element elementor-element-bd9e15c elementor-invisible elementor-widget elementor-widget-text-editor\" data-id=\"bd9e15c\" data-element_type=\"widget\" data-settings=\"{&quot;_animation&quot;:&quot;fadeInLeft&quot;}\" data-widget_type=\"text-editor.default\">\n\t\t\t\t<div class=\"elementor-widget-container\">\n\t\t\t\t\t\t\t\t\t<p>Ich helfe denen, die daf\u00fcr offen sind, sich daran zu erinnern, dass der wichtigste Weg zu einem erf\u00fcllten und gl\u00fccklichen Leben der Weg des Herzens ist.<\/p>\t\t\t\t\t\t\t\t<\/div>\n\t\t\t\t<\/div>\n\t\t\t\t<div class=\"elementor-element elementor-element-c4654ca elementor-invisible elementor-widget elementor-widget-text-editor\" data-id=\"c4654ca\" data-element_type=\"widget\" data-settings=\"{&quot;_animation&quot;:&quot;fadeInLeft&quot;,&quot;_animation_delay&quot;:50}\" data-widget_type=\"text-editor.default\">\n\t\t\t\t<div class=\"elementor-widget-container\">\n\t\t\t\t\t\t\t\t\t<p>Meine Methode namens \u201eFolge deinem Herzen\u201c soll dir dabei helfen:<\/p>\t\t\t\t\t\t\t\t<\/div>\n\t\t\t\t<\/div>\n\t\t\t\t<div class=\"elementor-element elementor-element-a296436 elementor-invisible elementor-widget elementor-widget-text-editor\" data-id=\"a296436\" data-element_type=\"widget\" data-settings=\"{&quot;_animation&quot;:&quot;fadeInLeft&quot;,&quot;_animation_delay&quot;:100}\" data-widget_type=\"text-editor.default\">\n\t\t\t\t<div class=\"elementor-widget-container\">\n\t\t\t\t\t\t\t\t\t<ul>\n \t<li>Blockaden und negative Glaubenss\u00e4tze \u00fcber dich selbst loszuwerden,<\/li>\n \t<li>dich selbst zu lieben so wie du bist,<\/li>\n \t<li>deine Gaben und Talente zu entdecken<\/li>\n \t<li>und durch das Leben zu gehen, in dem du erf\u00e4hrst, lernst, dich entwickelst,<\/li>\n \t<li>immer durch Liebe zu dir selbst und zu anderen.<\/li>\n<\/ul>\t\t\t\t\t\t\t\t<\/div>\n\t\t\t\t<\/div>\n\t\t\t\t<div class=\"elementor-element elementor-element-be527a9 elementor-invisible elementor-widget elementor-widget-text-editor\" data-id=\"be527a9\" data-element_type=\"widget\" data-settings=\"{&quot;_animation&quot;:&quot;fadeInLeft&quot;,&quot;_animation_delay&quot;:150}\" data-widget_type=\"text-editor.default\">\n\t\t\t\t<div class=\"elementor-widget-container\">\n\t\t\t\t\t\t\t\t\t<p>Mit Musik erreiche ich die Welt der Emotionen, stimuliere, inspiriere und motiviere zum Nachdenken und Handeln.<\/p>\t\t\t\t\t\t\t\t<\/div>\n\t\t\t\t<\/div>\n\t\t\t\t<section class=\"elementor-section elementor-inner-section elementor-element elementor-element-ad64b1d elementor-section-content-middle elementor-section-boxed elementor-section-height-default elementor-section-height-default\" data-id=\"ad64b1d\" data-element_type=\"section\" data-settings=\"{&quot;background_background&quot;:&quot;classic&quot;}\">\n\t\t\t\t\t\t<div class=\"elementor-container elementor-column-gap-default\">\n\t\t\t\t\t<div class=\"elementor-column elementor-col-50 elementor-inner-column elementor-element elementor-element-5e43aa4 elementor-invisible\" data-id=\"5e43aa4\" data-element_type=\"column\" data-settings=\"{&quot;background_background&quot;:&quot;classic&quot;,&quot;animation&quot;:&quot;fadeInUp&quot;}\">\n\t\t\t<div class=\"elementor-widget-wrap elementor-element-populated\">\n\t\t\t\t\t\t<div class=\"elementor-element elementor-element-26b835a elementor-widget-divider--view-line elementor-widget elementor-widget-divider\" data-id=\"26b835a\" data-element_type=\"widget\" data-widget_type=\"divider.default\">\n\t\t\t\t<div class=\"elementor-widget-container\">\n\t\t\t\t\t\t\t<div class=\"elementor-divider\">\n\t\t\t<span class=\"elementor-divider-separator\">\n\t\t\t\t\t\t<\/span>\n\t\t<\/div>\n\t\t\t\t\t\t<\/div>\n\t\t\t\t<\/div>\n\t\t\t\t<div class=\"elementor-element elementor-element-99be01c elementor-widget elementor-widget-text-editor\" data-id=\"99be01c\" data-element_type=\"widget\" data-widget_type=\"text-editor.default\">\n\t\t\t\t<div class=\"elementor-widget-container\">\n\t\t\t\t\t\t\t\t\t<p>W\u00e4hrend einer kostenlosen Beratung (30 min.) kannst Du mir von Deiner Situation, von Deinen Pl\u00e4nen, Deinen Zielen erz\u00e4hlen und ich werde Dir die richtigen L\u00f6sungen vorstellen, die auf Dich zugeschnitten sind.<\/p>\t\t\t\t\t\t\t\t<\/div>\n\t\t\t\t<\/div>\n\t\t\t\t\t<\/div>\n\t\t<\/div>\n\t\t\t\t<div class=\"elementor-column elementor-col-50 elementor-inner-column elementor-element elementor-element-3c0d1b1 elementor-invisible\" data-id=\"3c0d1b1\" data-element_type=\"column\" data-settings=\"{&quot;background_background&quot;:&quot;classic&quot;,&quot;animation&quot;:&quot;fadeInRight&quot;}\">\n\t\t\t<div class=\"elementor-widget-wrap elementor-element-populated\">\n\t\t\t\t\t<div class=\"elementor-background-overlay\"><\/div>\n\t\t\t\t\t\t<div class=\"elementor-element elementor-element-f525d9c elementor-invisible elementor-widget elementor-widget-heading\" data-id=\"f525d9c\" data-element_type=\"widget\" data-settings=\"{&quot;_animation&quot;:&quot;fadeInRight&quot;,&quot;_animation_delay&quot;:200}\" data-widget_type=\"heading.default\">\n\t\t\t\t<div class=\"elementor-widget-container\">\n\t\t\t\t\t<h2 class=\"elementor-heading-title elementor-size-default\">Worauf wartest du? Schreibe mich an!\u00a0<\/h2>\t\t\t\t<\/div>\n\t\t\t\t<\/div>\n\t\t\t\t<div class=\"elementor-element elementor-element-058d8b9 elementor-invisible elementor-widget elementor-widget-button\" data-id=\"058d8b9\" data-element_type=\"widget\" data-settings=\"{&quot;_animation&quot;:&quot;rotateInUpLeft&quot;,&quot;_animation_delay&quot;:500}\" data-widget_type=\"button.default\">\n\t\t\t\t<div class=\"elementor-widget-container\">\n\t\t\t\t\t\t\t\t\t<div class=\"elementor-button-wrapper\">\n\t\t\t\t\t<a class=\"elementor-button elementor-button-link elementor-size-sm\" href=\"https:\/\/marta-tafelski.com\/de\/kontakt-pl\/\">\n\t\t\t\t\t\t<span class=\"elementor-button-content-wrapper\">\n\t\t\t\t\t\t\t\t\t<span class=\"elementor-button-text\">Kostenlose Beratung<\/span>\n\t\t\t\t\t<\/span>\n\t\t\t\t\t<\/a>\n\t\t\t\t<\/div>\n\t\t\t\t\t\t\t\t<\/div>\n\t\t\t\t<\/div>\n\t\t\t\t\t<\/div>\n\t\t<\/div>\n\t\t\t\t\t<\/div>\n\t\t<\/section>\n\t\t\t\t<section class=\"elementor-section elementor-inner-section elementor-element elementor-element-bea918a animated-fast elementor-section-boxed elementor-section-height-default elementor-section-height-default elementor-invisible\" data-id=\"bea918a\" data-element_type=\"section\" data-settings=\"{&quot;animation&quot;:&quot;fadeInUp&quot;,&quot;animation_delay&quot;:0}\">\n\t\t\t\t\t\t<div class=\"elementor-container elementor-column-gap-default\">\n\t\t\t\t\t<div class=\"elementor-column elementor-col-33 elementor-inner-column elementor-element elementor-element-6613ac9\" data-id=\"6613ac9\" data-element_type=\"column\">\n\t\t\t<div class=\"elementor-widget-wrap elementor-element-populated\">\n\t\t\t\t\t\t<div class=\"elementor-element elementor-element-8ae1398 elementor-view-default elementor-invisible elementor-widget elementor-widget-icon\" data-id=\"8ae1398\" data-element_type=\"widget\" data-settings=\"{&quot;_animation&quot;:&quot;swing&quot;,&quot;_animation_delay&quot;:600}\" data-widget_type=\"icon.default\">\n\t\t\t\t<div class=\"elementor-widget-container\">\n\t\t\t\t\t\t\t<div class=\"elementor-icon-wrapper\">\n\t\t\t<div class=\"elementor-icon\">\n\t\t\t<svg aria-hidden=\"true\" class=\"e-font-icon-svg e-far-comments\" viewbox=\"0 0 576 512\" xmlns=\"http:\/\/www.w3.org\/2000\/svg\"><path d=\"M532 386.2c27.5-27.1 44-61.1 44-98.2 0-80-76.5-146.1-176.2-157.9C368.3 72.5 294.3 32 208 32 93.1 32 0 103.6 0 192c0 37 16.5 71 44 98.2-15.3 30.7-37.3 54.5-37.7 54.9-6.3 6.7-8.1 16.5-4.4 25 3.6 8.5 12 14 21.2 14 53.5 0 96.7-20.2 125.2-38.8 9.2 2.1 18.7 3.7 28.4 4.9C208.1 407.6 281.8 448 368 448c20.8 0 40.8-2.4 59.8-6.8C456.3 459.7 499.4 480 553 480c9.2 0 17.5-5.5 21.2-14 3.6-8.5 1.9-18.3-4.4-25-.4-.3-22.5-24.1-37.8-54.8zm-392.8-92.3L122.1 305c-14.1 9.1-28.5 16.3-43.1 21.4 2.7-4.7 5.4-9.7 8-14.8l15.5-31.1L77.7 256C64.2 242.6 48 220.7 48 192c0-60.7 73.3-112 160-112s160 51.3 160 112-73.3 112-160 112c-16.5 0-33-1.9-49-5.6l-19.8-4.5zM498.3 352l-24.7 24.4 15.5 31.1c2.6 5.1 5.3 10.1 8 14.8-14.6-5.1-29-12.3-43.1-21.4l-17.1-11.1-19.9 4.6c-16 3.7-32.5 5.6-49 5.6-54 0-102.2-20.1-131.3-49.7C338 339.5 416 272.9 416 192c0-3.4-.4-6.7-.7-10C479.7 196.5 528 238.8 528 288c0 28.7-16.2 50.6-29.7 64z\"><\/path><\/svg>\t\t\t<\/div>\n\t\t<\/div>\n\t\t\t\t\t\t<\/div>\n\t\t\t\t<\/div>\n\t\t\t\t<div class=\"elementor-element elementor-element-cab7fcd elementor-invisible elementor-widget elementor-widget-heading\" data-id=\"cab7fcd\" data-element_type=\"widget\" data-settings=\"{&quot;_animation&quot;:&quot;fadeInUp&quot;,&quot;_animation_delay&quot;:300}\" data-widget_type=\"heading.default\">\n\t\t\t\t<div class=\"elementor-widget-container\">\n\t\t\t\t\t<h2 class=\"elementor-heading-title elementor-size-default\">Coaching 1:1<\/h2>\t\t\t\t<\/div>\n\t\t\t\t<\/div>\n\t\t\t\t\t<\/div>\n\t\t<\/div>\n\t\t\t\t<div class=\"elementor-column elementor-col-33 elementor-inner-column elementor-element elementor-element-4dc2983\" data-id=\"4dc2983\" data-element_type=\"column\">\n\t\t\t<div class=\"elementor-widget-wrap elementor-element-populated\">\n\t\t\t\t\t\t<div class=\"elementor-element elementor-element-cebf3b0 elementor-view-default elementor-invisible elementor-widget elementor-widget-icon\" data-id=\"cebf3b0\" data-element_type=\"widget\" data-settings=\"{&quot;_animation&quot;:&quot;jello&quot;,&quot;_animation_delay&quot;:850}\" data-widget_type=\"icon.default\">\n\t\t\t\t<div class=\"elementor-widget-container\">\n\t\t\t\t\t\t\t<div class=\"elementor-icon-wrapper\">\n\t\t\t<div class=\"elementor-icon\">\n\t\t\t<svg aria-hidden=\"true\" class=\"e-font-icon-svg e-fas-hammer\" viewbox=\"0 0 576 512\" xmlns=\"http:\/\/www.w3.org\/2000\/svg\"><path d=\"M571.31 193.94l-22.63-22.63c-6.25-6.25-16.38-6.25-22.63 0l-11.31 11.31-28.9-28.9c5.63-21.31.36-44.9-16.35-61.61l-45.25-45.25c-62.48-62.48-163.79-62.48-226.28 0l90.51 45.25v18.75c0 16.97 6.74 33.25 18.75 45.25l49.14 49.14c16.71 16.71 40.3 21.98 61.61 16.35l28.9 28.9-11.31 11.31c-6.25 6.25-6.25 16.38 0 22.63l22.63 22.63c6.25 6.25 16.38 6.25 22.63 0l90.51-90.51c6.23-6.24 6.23-16.37-.02-22.62zm-286.72-15.2c-3.7-3.7-6.84-7.79-9.85-11.95L19.64 404.96c-25.57 23.88-26.26 64.19-1.53 88.93s65.05 24.05 88.93-1.53l238.13-255.07c-3.96-2.91-7.9-5.87-11.44-9.41l-49.14-49.14z\"><\/path><\/svg>\t\t\t<\/div>\n\t\t<\/div>\n\t\t\t\t\t\t<\/div>\n\t\t\t\t<\/div>\n\t\t\t\t<div class=\"elementor-element elementor-element-44c5a68 elementor-invisible elementor-widget elementor-widget-heading\" data-id=\"44c5a68\" data-element_type=\"widget\" data-settings=\"{&quot;_animation&quot;:&quot;fadeInUp&quot;,&quot;_animation_delay&quot;:550}\" data-widget_type=\"heading.default\">\n\t\t\t\t<div class=\"elementor-widget-container\">\n\t\t\t\t\t<h2 class=\"elementor-heading-title elementor-size-default\">Workshops<\/h2>\t\t\t\t<\/div>\n\t\t\t\t<\/div>\n\t\t\t\t\t<\/div>\n\t\t<\/div>\n\t\t\t\t<div class=\"elementor-column elementor-col-33 elementor-inner-column elementor-element elementor-element-56c2167\" data-id=\"56c2167\" data-element_type=\"column\">\n\t\t\t<div class=\"elementor-widget-wrap elementor-element-populated\">\n\t\t\t\t\t\t<div class=\"elementor-element elementor-element-368c231 elementor-view-default elementor-invisible elementor-widget elementor-widget-icon\" data-id=\"368c231\" data-element_type=\"widget\" data-settings=\"{&quot;_animation&quot;:&quot;rubberBand&quot;,&quot;_animation_delay&quot;:1100}\" data-widget_type=\"icon.default\">\n\t\t\t\t<div class=\"elementor-widget-container\">\n\t\t\t\t\t\t\t<div class=\"elementor-icon-wrapper\">\n\t\t\t<div class=\"elementor-icon\">\n\t\t\t<svg aria-hidden=\"true\" class=\"e-font-icon-svg e-far-clock\" viewbox=\"0 0 512 512\" xmlns=\"http:\/\/www.w3.org\/2000\/svg\"><path d=\"M256 8C119 8 8 119 8 256s111 248 248 248 248-111 248-248S393 8 256 8zm0 448c-110.5 0-200-89.5-200-200S145.5 56 256 56s200 89.5 200 200-89.5 200-200 200zm61.8-104.4l-84.9-61.7c-3.1-2.3-4.9-5.9-4.9-9.7V116c0-6.6 5.4-12 12-12h32c6.6 0 12 5.4 12 12v141.7l66.8 48.6c5.4 3.9 6.5 11.4 2.6 16.8L334.6 349c-3.9 5.3-11.4 6.5-16.8 2.6z\"><\/path><\/svg>\t\t\t<\/div>\n\t\t<\/div>\n\t\t\t\t\t\t<\/div>\n\t\t\t\t<\/div>\n\t\t\t\t<div class=\"elementor-element elementor-element-2f9c16e elementor-invisible elementor-widget elementor-widget-heading\" data-id=\"2f9c16e\" data-element_type=\"widget\" data-settings=\"{&quot;_animation&quot;:&quot;fadeInUp&quot;,&quot;_animation_delay&quot;:800}\" data-widget_type=\"heading.default\">\n\t\t\t\t<div class=\"elementor-widget-container\">\n\t\t\t\t\t<h2 class=\"elementor-heading-title elementor-size-default\">Hypnose-Sitzung<\/h2>\t\t\t\t<\/div>\n\t\t\t\t<\/div>\n\t\t\t\t\t<\/div>\n\t\t<\/div>\n\t\t\t\t\t<\/div>\n\t\t<\/section>\n\t\t\t\t\t<\/div>\n\t\t<\/div>\n\t\t\t\t\t<\/div>\n\t\t<\/section>\n\t\t\t\t<\/div>","protected":false},"excerpt":{"rendered":"<p>Jak pomagam? Pomagam tym, kt\u00f3rzy s\u0105 na to otwarci, przypomnie\u0107 sobie, \u017ce najwa\u017cniejsz\u0105 drog\u0105 do spe\u0142nionego i szcz\u0119\u015bliwego \u017cycia jest droga serca. Moja metoda o &hellip; <\/p>","protected":false},"author":1,"featured_media":0,"parent":0,"menu_order":0,"comment_status":"closed","ping_status":"closed","template":"","meta":{"footnotes":""},"yoast_head":"<!-- This site is optimized with the Yoast SEO plugin v23.8 - https:\/\/yoast.com\/wordpress\/plugins\/seo\/ -->\n<title>Wsp\u00f3\u0142praca | Marta Tafelski<\/title>\n<meta name=\"description\" content=\"Moja metoda o nazwie \u201eId\u017a za g\u0142osem serca\u201d pomo\u017ce Ci pozby\u0107 si\u0119 blokad i negatywnych przekona\u0144 na sw\u00f3j temat, pokocha\u0107 siebie...\" \/>\n<meta name=\"robots\" content=\"noindex, follow\" \/>\n<meta property=\"og:locale\" content=\"de_DE\" \/>\n<meta property=\"og:type\" content=\"article\" \/>\n<meta property=\"og:title\" content=\"Wsp\u00f3\u0142praca | Marta Tafelski\" \/>\n<meta property=\"og:description\" content=\"Moja metoda o nazwie \u201eId\u017a za g\u0142osem serca\u201d pomo\u017ce Ci pozby\u0107 si\u0119 blokad i negatywnych przekona\u0144 na sw\u00f3j temat, pokocha\u0107 siebie...\" \/>\n<meta property=\"og:url\" content=\"https:\/\/marta-tafelski.com\/de\/wspolpraca\/\" \/>\n<meta property=\"og:site_name\" content=\"Marta Tafelski\" \/>\n<meta property=\"article:publisher\" content=\"https:\/\/www.facebook.com\/marta.tafelski\" \/>\n<meta property=\"article:modified_time\" content=\"2023-11-01T10:11:01+00:00\" \/>\n<meta name=\"twitter:card\" content=\"summary_large_image\" \/>\n<meta name=\"twitter:label1\" content=\"Gesch\u00e4tzte Lesezeit\" \/>\n\t<meta name=\"twitter:data1\" content=\"1\u00a0Minute\" \/>\n<script type=\"application\/ld+json\" class=\"yoast-schema-graph\">{\"@context\":\"https:\/\/schema.org\",\"@graph\":[{\"@type\":\"WebPage\",\"@id\":\"https:\/\/marta-tafelski.com\/wspolpraca\/\",\"url\":\"https:\/\/marta-tafelski.com\/wspolpraca\/\",\"name\":\"Wsp\u00f3\u0142praca | Marta Tafelski\",\"isPartOf\":{\"@id\":\"https:\/\/marta-tafelski.com\/#website\"},\"datePublished\":\"2021-02-01T10:43:05+00:00\",\"dateModified\":\"2023-11-01T10:11:01+00:00\",\"description\":\"Moja metoda o nazwie \u201eId\u017a za g\u0142osem serca\u201d pomo\u017ce Ci pozby\u0107 si\u0119 blokad i negatywnych przekona\u0144 na sw\u00f3j temat, pokocha\u0107 siebie...\",\"breadcrumb\":{\"@id\":\"https:\/\/marta-tafelski.com\/wspolpraca\/#breadcrumb\"},\"inLanguage\":\"de\",\"potentialAction\":[{\"@type\":\"ReadAction\",\"target\":[\"https:\/\/marta-tafelski.com\/wspolpraca\/\"]}]},{\"@type\":\"BreadcrumbList\",\"@id\":\"https:\/\/marta-tafelski.com\/wspolpraca\/#breadcrumb\",\"itemListElement\":[{\"@type\":\"ListItem\",\"position\":1,\"name\":\"Strona g\u0142\u00f3wna\",\"item\":\"https:\/\/marta-tafelski.com\/\"},{\"@type\":\"ListItem\",\"position\":2,\"name\":\"Wsp\u00f3\u0142praca\"}]},{\"@type\":\"WebSite\",\"@id\":\"https:\/\/marta-tafelski.com\/#website\",\"url\":\"https:\/\/marta-tafelski.com\/\",\"name\":\"Marta Tafelski\",\"description\":\"Coaching | Music | Consulting\",\"publisher\":{\"@id\":\"https:\/\/marta-tafelski.com\/#\/schema\/person\/65ccabda9c3e0546fd522b12bd1a360c\"},\"potentialAction\":[{\"@type\":\"SearchAction\",\"target\":{\"@type\":\"EntryPoint\",\"urlTemplate\":\"https:\/\/marta-tafelski.com\/?s={search_term_string}\"},\"query-input\":{\"@type\":\"PropertyValueSpecification\",\"valueRequired\":true,\"valueName\":\"search_term_string\"}}],\"inLanguage\":\"de\"},{\"@type\":[\"Person\",\"Organization\"],\"@id\":\"https:\/\/marta-tafelski.com\/#\/schema\/person\/65ccabda9c3e0546fd522b12bd1a360c\",\"name\":\"Marta Tafelski\",\"image\":{\"@type\":\"ImageObject\",\"inLanguage\":\"de\",\"@id\":\"https:\/\/marta-tafelski.com\/#\/schema\/person\/image\/\",\"url\":\"https:\/\/marta-tafelski.com\/wp-content\/uploads\/2024\/11\/LOGO-1.png\",\"contentUrl\":\"https:\/\/marta-tafelski.com\/wp-content\/uploads\/2024\/11\/LOGO-1.png\",\"width\":512,\"height\":512,\"caption\":\"Marta Tafelski\"},\"logo\":{\"@id\":\"https:\/\/marta-tafelski.com\/#\/schema\/person\/image\/\"},\"sameAs\":[\"http:\/\/www.marta-tafelski.com\",\"https:\/\/www.facebook.com\/marta.tafelski\",\"https:\/\/www.instagram.com\/marta.tafelski\/?hl=de\",\"https:\/\/youtube.com\/channel\/UCPTT16OLuyhrNC4K2XlKXPQ\"]}]}<\/script>\n<!-- \/ Yoast SEO plugin. -->","yoast_head_json":{"title":"Wsp\u00f3\u0142praca | Marta Tafelski","description":"Moja metoda o nazwie \u201eId\u017a za g\u0142osem serca\u201d pomo\u017ce Ci pozby\u0107 si\u0119 blokad i negatywnych przekona\u0144 na sw\u00f3j temat, pokocha\u0107 siebie...","robots":{"index":"noindex","follow":"follow"},"og_locale":"de_DE","og_type":"article","og_title":"Wsp\u00f3\u0142praca | Marta Tafelski","og_description":"Moja metoda o nazwie \u201eId\u017a za g\u0142osem serca\u201d pomo\u017ce Ci pozby\u0107 si\u0119 blokad i negatywnych przekona\u0144 na sw\u00f3j temat, pokocha\u0107 siebie...","og_url":"https:\/\/marta-tafelski.com\/de\/wspolpraca\/","og_site_name":"Marta Tafelski","article_publisher":"https:\/\/www.facebook.com\/marta.tafelski","article_modified_time":"2023-11-01T10:11:01+00:00","twitter_card":"summary_large_image","twitter_misc":{"Gesch\u00e4tzte Lesezeit":"1\u00a0Minute"},"schema":{"@context":"https:\/\/schema.org","@graph":[{"@type":"WebPage","@id":"https:\/\/marta-tafelski.com\/wspolpraca\/","url":"https:\/\/marta-tafelski.com\/wspolpraca\/","name":"Wsp\u00f3\u0142praca | Marta Tafelski","isPartOf":{"@id":"https:\/\/marta-tafelski.com\/#website"},"datePublished":"2021-02-01T10:43:05+00:00","dateModified":"2023-11-01T10:11:01+00:00","description":"Moja metoda o nazwie \u201eId\u017a za g\u0142osem serca\u201d pomo\u017ce Ci pozby\u0107 si\u0119 blokad i negatywnych przekona\u0144 na sw\u00f3j temat, pokocha\u0107 siebie...","breadcrumb":{"@id":"https:\/\/marta-tafelski.com\/wspolpraca\/#breadcrumb"},"inLanguage":"de","potentialAction":[{"@type":"ReadAction","target":["https:\/\/marta-tafelski.com\/wspolpraca\/"]}]},{"@type":"BreadcrumbList","@id":"https:\/\/marta-tafelski.com\/wspolpraca\/#breadcrumb","itemListElement":[{"@type":"ListItem","position":1,"name":"Strona g\u0142\u00f3wna","item":"https:\/\/marta-tafelski.com\/"},{"@type":"ListItem","position":2,"name":"Wsp\u00f3\u0142praca"}]},{"@type":"WebSite","@id":"https:\/\/marta-tafelski.com\/#website","url":"https:\/\/marta-tafelski.com\/","name":"Marta Tafelski","description":"Coaching | Music | Consulting","publisher":{"@id":"https:\/\/marta-tafelski.com\/#\/schema\/person\/65ccabda9c3e0546fd522b12bd1a360c"},"potentialAction":[{"@type":"SearchAction","target":{"@type":"EntryPoint","urlTemplate":"https:\/\/marta-tafelski.com\/?s={search_term_string}"},"query-input":{"@type":"PropertyValueSpecification","valueRequired":true,"valueName":"search_term_string"}}],"inLanguage":"de"},{"@type":["Person","Organization"],"@id":"https:\/\/marta-tafelski.com\/#\/schema\/person\/65ccabda9c3e0546fd522b12bd1a360c","name":"Marta Tafelski","image":{"@type":"ImageObject","inLanguage":"de","@id":"https:\/\/marta-tafelski.com\/#\/schema\/person\/image\/","url":"https:\/\/marta-tafelski.com\/wp-content\/uploads\/2024\/11\/LOGO-1.png","contentUrl":"https:\/\/marta-tafelski.com\/wp-content\/uploads\/2024\/11\/LOGO-1.png","width":512,"height":512,"caption":"Marta Tafelski"},"logo":{"@id":"https:\/\/marta-tafelski.com\/#\/schema\/person\/image\/"},"sameAs":["http:\/\/www.marta-tafelski.com","https:\/\/www.facebook.com\/marta.tafelski","https:\/\/www.instagram.com\/marta.tafelski\/?hl=de","https:\/\/youtube.com\/channel\/UCPTT16OLuyhrNC4K2XlKXPQ"]}]}},"_links":{"self":[{"href":"https:\/\/marta-tafelski.com\/de\/wp-json\/wp\/v2\/pages\/375"}],"collection":[{"href":"https:\/\/marta-tafelski.com\/de\/wp-json\/wp\/v2\/pages"}],"about":[{"href":"https:\/\/marta-tafelski.com\/de\/wp-json\/wp\/v2\/types\/page"}],"author":[{"embeddable":true,"href":"https:\/\/marta-tafelski.com\/de\/wp-json\/wp\/v2\/users\/1"}],"replies":[{"embeddable":true,"href":"https:\/\/marta-tafelski.com\/de\/wp-json\/wp\/v2\/comments?post=375"}],"version-history":[{"count":0,"href":"https:\/\/marta-tafelski.com\/de\/wp-json\/wp\/v2\/pages\/375\/revisions"}],"wp:attachment":[{"href":"https:\/\/marta-tafelski.com\/de\/wp-json\/wp\/v2\/media?parent=375"}],"curies":[{"name":"wp","href":"https:\/\/api.w.org\/{rel}","templated":true}]}}