{"id":340,"date":"2022-12-01T13:32:00","date_gmt":"2022-12-01T12:32:00","guid":{"rendered":"https:\/\/marta-tafelski.com\/home-2\/"},"modified":"2024-11-13T17:00:09","modified_gmt":"2024-11-13T16:00:09","slug":"home","status":"publish","type":"page","link":"https:\/\/marta-tafelski.com\/de\/","title":{"rendered":"Home"},"content":{"rendered":"<div data-elementor-type=\"wp-post\" data-elementor-id=\"340\" class=\"elementor elementor-340\">\n\t\t\t\t\t\t<section class=\"elementor-section elementor-top-section elementor-element elementor-element-3f61aa7 elementor-section-boxed elementor-section-height-default elementor-section-height-default elementor-invisible\" data-id=\"3f61aa7\" data-element_type=\"section\" data-settings=\"{&quot;animation&quot;:&quot;slideInUp&quot;}\">\n\t\t\t\t\t\t<div class=\"elementor-container elementor-column-gap-default\">\n\t\t\t\t\t<div class=\"elementor-column elementor-col-100 elementor-top-column elementor-element elementor-element-ca0551b\" data-id=\"ca0551b\" data-element_type=\"column\">\n\t\t\t<div class=\"elementor-widget-wrap elementor-element-populated\">\n\t\t\t\t\t\t<div class=\"elementor-element elementor-element-e1bef22 elementor-widget elementor-widget-text-editor\" data-id=\"e1bef22\" data-element_type=\"widget\" data-widget_type=\"text-editor.default\">\n\t\t\t\t<div class=\"elementor-widget-container\">\n\t\t\t\t\t\t\t\t\t<p>Wenn Du dich f\u00fcr das Thema Pers\u00f6nlichkeitsentwicklung interessierst, geh\u00f6rst Du zu einer Gruppe von Menschen, die sich viel mehr vom Leben w\u00fcnschen als die meisten Menschen auf dieser Erde.<\/p><p>Du bist auf dem Weg der Selbstfindung und suchst nach konkreten L\u00f6sungsans\u00e4tzen und wertvollen Informationen? Exzellent! Hier bist Du genau richtig! Ich bin mir sicher, dass Du hier etwas f\u00fcr Dich finden wirst.<\/p><p>Ich wei\u00df nicht, wie alt du bist, woher du kommst, welche Hautfarbe du hast, wie lange du schon durchmachst, welchen Beruf du aus\u00fcbst, welchen Familienstand du hast, wie lange du schon an dir arbeitest, oder vielleicht stehen Sie gerade erst am Anfang dieses Weges \u2013 das spielt \u00fcberhaupt keine Rolle \u2026\u2026<\/p><p>Das Wichtigste ist, dass Du hier bist!<br \/><strong><span style=\"color: #6d975f;\">Danke sch\u00f6n!<\/span><\/strong><\/p>\t\t\t\t\t\t\t\t<\/div>\n\t\t\t\t<\/div>\n\t\t\t\t\t<\/div>\n\t\t<\/div>\n\t\t\t\t\t<\/div>\n\t\t<\/section>\n\t\t\t\t<section class=\"elementor-section elementor-top-section elementor-element elementor-element-d4fa75d elementor-section-content-middle elementor-section-boxed elementor-section-height-default elementor-section-height-default\" data-id=\"d4fa75d\" data-element_type=\"section\">\n\t\t\t\t\t\t<div class=\"elementor-container elementor-column-gap-extended\">\n\t\t\t\t\t<div class=\"elementor-column elementor-col-100 elementor-top-column elementor-element elementor-element-570f70e\" data-id=\"570f70e\" data-element_type=\"column\">\n\t\t\t<div class=\"elementor-widget-wrap elementor-element-populated\">\n\t\t\t\t\t\t<section class=\"elementor-section elementor-inner-section elementor-element elementor-element-b494101 elementor-section-boxed elementor-section-height-default elementor-section-height-default\" data-id=\"b494101\" data-element_type=\"section\">\n\t\t\t\t\t\t<div class=\"elementor-container elementor-column-gap-default\">\n\t\t\t\t\t<div class=\"elementor-column elementor-col-50 elementor-inner-column elementor-element elementor-element-09f6a41\" data-id=\"09f6a41\" data-element_type=\"column\" data-settings=\"{&quot;animation&quot;:&quot;none&quot;}\">\n\t\t\t<div class=\"elementor-widget-wrap elementor-element-populated\">\n\t\t\t\t\t\t<div class=\"elementor-element elementor-element-8c3d7b5 elementor-invisible elementor-widget elementor-widget-heading\" data-id=\"8c3d7b5\" data-element_type=\"widget\" data-settings=\"{&quot;_animation&quot;:&quot;slideInLeft&quot;}\" data-widget_type=\"heading.default\">\n\t\t\t\t<div class=\"elementor-widget-container\">\n\t\t\t\t\t<h2 class=\"elementor-heading-title elementor-size-default\"><strong>Musik &amp; Podcast<\/strong><\/h2>\t\t\t\t<\/div>\n\t\t\t\t<\/div>\n\t\t\t\t<div class=\"elementor-element elementor-element-bc2bd6c elementor-invisible elementor-widget elementor-widget-text-editor\" data-id=\"bc2bd6c\" data-element_type=\"widget\" data-settings=\"{&quot;_animation&quot;:&quot;slideInLeft&quot;}\" data-widget_type=\"text-editor.default\">\n\t\t\t\t<div class=\"elementor-widget-container\">\n\t\t\t\t\t\t\t\t\t<p>H\u00f6ren Sie meine Musik und Podcasts auf Spotify und YouTube.<\/p>\t\t\t\t\t\t\t\t<\/div>\n\t\t\t\t<\/div>\n\t\t\t\t<div class=\"elementor-element elementor-element-3910d1e elementor-shape-square e-grid-align-left elementor-grid-0 elementor-invisible elementor-widget elementor-widget-social-icons\" data-id=\"3910d1e\" data-element_type=\"widget\" data-settings=\"{&quot;_animation&quot;:&quot;slideInLeft&quot;}\" data-widget_type=\"social-icons.default\">\n\t\t\t\t<div class=\"elementor-widget-container\">\n\t\t\t\t\t\t\t<div class=\"elementor-social-icons-wrapper elementor-grid\">\n\t\t\t\t\t\t\t<span class=\"elementor-grid-item\">\n\t\t\t\t\t<a class=\"elementor-icon elementor-social-icon elementor-social-icon-spotify elementor-repeater-item-43bde9b\" href=\"https:\/\/open.spotify.com\/artist\/4ftq8KP0HkeeFy9eLZmmVX?si=aeWycu--TDmy4jVrcHQ-Uw\" target=\"_blank\">\n\t\t\t\t\t\t<span class=\"elementor-screen-only\">Spotify<\/span>\n\t\t\t\t\t\t<svg class=\"e-font-icon-svg e-fab-spotify\" viewbox=\"0 0 496 512\" xmlns=\"http:\/\/www.w3.org\/2000\/svg\"><path d=\"M248 8C111.1 8 0 119.1 0 256s111.1 248 248 248 248-111.1 248-248S384.9 8 248 8zm100.7 364.9c-4.2 0-6.8-1.3-10.7-3.6-62.4-37.6-135-39.2-206.7-24.5-3.9 1-9 2.6-11.9 2.6-9.7 0-15.8-7.7-15.8-15.8 0-10.3 6.1-15.2 13.6-16.8 81.9-18.1 165.6-16.5 237 26.2 6.1 3.9 9.7 7.4 9.7 16.5s-7.1 15.4-15.2 15.4zm26.9-65.6c-5.2 0-8.7-2.3-12.3-4.2-62.5-37-155.7-51.9-238.6-29.4-4.8 1.3-7.4 2.6-11.9 2.6-10.7 0-19.4-8.7-19.4-19.4s5.2-17.8 15.5-20.7c27.8-7.8 56.2-13.6 97.8-13.6 64.9 0 127.6 16.1 177 45.5 8.1 4.8 11.3 11 11.3 19.7-.1 10.8-8.5 19.5-19.4 19.5zm31-76.2c-5.2 0-8.4-1.3-12.9-3.9-71.2-42.5-198.5-52.7-280.9-29.7-3.6 1-8.1 2.6-12.9 2.6-13.2 0-23.3-10.3-23.3-23.6 0-13.6 8.4-21.3 17.4-23.9 35.2-10.3 74.6-15.2 117.5-15.2 73 0 149.5 15.2 205.4 47.8 7.8 4.5 12.9 10.7 12.9 22.6 0 13.6-11 23.3-23.2 23.3z\"><\/path><\/svg>\t\t\t\t\t<\/a>\n\t\t\t\t<\/span>\n\t\t\t\t\t\t\t<span class=\"elementor-grid-item\">\n\t\t\t\t\t<a class=\"elementor-icon elementor-social-icon elementor-social-icon-youtube elementor-repeater-item-044386a\" href=\"https:\/\/www.youtube.com\/@martatafelski-przebudzenie\/\" target=\"_blank\">\n\t\t\t\t\t\t<span class=\"elementor-screen-only\">YouTube<\/span>\n\t\t\t\t\t\t<svg class=\"e-font-icon-svg e-fab-youtube\" viewbox=\"0 0 576 512\" xmlns=\"http:\/\/www.w3.org\/2000\/svg\"><path d=\"M549.655 124.083c-6.281-23.65-24.787-42.276-48.284-48.597C458.781 64 288 64 288 64S117.22 64 74.629 75.486c-23.497 6.322-42.003 24.947-48.284 48.597-11.412 42.867-11.412 132.305-11.412 132.305s0 89.438 11.412 132.305c6.281 23.65 24.787 41.5 48.284 47.821C117.22 448 288 448 288 448s170.78 0 213.371-11.486c23.497-6.321 42.003-24.171 48.284-47.821 11.412-42.867 11.412-132.305 11.412-132.305s0-89.438-11.412-132.305zm-317.51 213.508V175.185l142.739 81.205-142.739 81.201z\"><\/path><\/svg>\t\t\t\t\t<\/a>\n\t\t\t\t<\/span>\n\t\t\t\t\t<\/div>\n\t\t\t\t\t\t<\/div>\n\t\t\t\t<\/div>\n\t\t\t\t\t<\/div>\n\t\t<\/div>\n\t\t\t\t<div class=\"elementor-column elementor-col-50 elementor-inner-column elementor-element elementor-element-07f838d\" data-id=\"07f838d\" data-element_type=\"column\" data-settings=\"{&quot;animation&quot;:&quot;none&quot;}\">\n\t\t\t<div class=\"elementor-widget-wrap elementor-element-populated\">\n\t\t\t\t\t\t<div class=\"elementor-element elementor-element-f66ccd9 elementor-widget elementor-widget-video\" data-id=\"f66ccd9\" data-element_type=\"widget\" data-settings=\"{&quot;youtube_url&quot;:&quot;https:\\\/\\\/youtu.be\\\/ZSsg7oHSAyQ&quot;,&quot;video_type&quot;:&quot;youtube&quot;,&quot;controls&quot;:&quot;yes&quot;}\" data-widget_type=\"video.default\">\n\t\t\t\t<div class=\"elementor-widget-container\">\n\t\t\t\t\t\t\t<div class=\"elementor-wrapper elementor-open-inline\">\n\t\t\t<div class=\"elementor-video\"><\/div>\t\t<\/div>\n\t\t\t\t\t\t<\/div>\n\t\t\t\t<\/div>\n\t\t\t\t\t<\/div>\n\t\t<\/div>\n\t\t\t\t\t<\/div>\n\t\t<\/section>\n\t\t\t\t\t<\/div>\n\t\t<\/div>\n\t\t\t\t\t<\/div>\n\t\t<\/section>\n\t\t\t\t<section class=\"elementor-section elementor-top-section elementor-element elementor-element-e0a0f78 elementor-section-boxed elementor-section-height-default elementor-section-height-default\" data-id=\"e0a0f78\" data-element_type=\"section\">\n\t\t\t\t\t\t<div class=\"elementor-container elementor-column-gap-default\">\n\t\t\t\t\t<div class=\"elementor-column elementor-col-100 elementor-top-column elementor-element elementor-element-6d939cf\" data-id=\"6d939cf\" data-element_type=\"column\">\n\t\t\t<div class=\"elementor-widget-wrap elementor-element-populated\">\n\t\t\t\t\t\t<div class=\"elementor-element elementor-element-fa5c358 elementor-invisible elementor-widget elementor-widget-heading\" data-id=\"fa5c358\" data-element_type=\"widget\" data-settings=\"{&quot;_animation&quot;:&quot;bounceInRight&quot;}\" data-widget_type=\"heading.default\">\n\t\t\t\t<div class=\"elementor-widget-container\">\n\t\t\t\t\t<h2 class=\"elementor-heading-title elementor-size-default\"><strong>Meine Methode namens \u201eFolge deinem Herzen\u201c soll dir dabei helfen:<\/strong><\/h2>\t\t\t\t<\/div>\n\t\t\t\t<\/div>\n\t\t\t\t<section class=\"elementor-section elementor-inner-section elementor-element elementor-element-a18a753 elementor-section-boxed elementor-section-height-default elementor-section-height-default\" data-id=\"a18a753\" data-element_type=\"section\">\n\t\t\t\t\t\t<div class=\"elementor-container elementor-column-gap-default\">\n\t\t\t\t\t<div class=\"elementor-column elementor-col-50 elementor-inner-column elementor-element elementor-element-2279893\" data-id=\"2279893\" data-element_type=\"column\">\n\t\t\t<div class=\"elementor-widget-wrap elementor-element-populated\">\n\t\t\t\t\t\t<div class=\"elementor-element elementor-element-64da862 method-list elementor-invisible elementor-widget elementor-widget-text-editor\" data-id=\"64da862\" data-element_type=\"widget\" data-settings=\"{&quot;_animation&quot;:&quot;slideInLeft&quot;}\" data-widget_type=\"text-editor.default\">\n\t\t\t\t<div class=\"elementor-widget-container\">\n\t\t\t\t\t\t\t\t\t<ul><li>Blockaden und negative Glaubenss\u00e4tze \u00fcber dich selbst loszuwerden,<\/li><li>dich selbst zu lieben so wie du bist,<\/li><li>deine Gaben und Talente zu entdecken<\/li><li>und durch das Leben zu gehen, in dem du erf\u00e4hrst, lernst, dich entwickelst,<\/li><li>immer durch Liebe zu dir selbst und zu anderen.<\/li><\/ul>\t\t\t\t\t\t\t\t<\/div>\n\t\t\t\t<\/div>\n\t\t\t\t\t<\/div>\n\t\t<\/div>\n\t\t\t\t<div class=\"elementor-column elementor-col-50 elementor-inner-column elementor-element elementor-element-15dd816 elementor-invisible\" data-id=\"15dd816\" data-element_type=\"column\" data-settings=\"{&quot;background_background&quot;:&quot;classic&quot;,&quot;animation&quot;:&quot;zoomIn&quot;}\">\n\t\t\t<div class=\"elementor-widget-wrap elementor-element-populated\">\n\t\t\t\t\t\t<div class=\"elementor-element elementor-element-f45850c elementor-widget elementor-widget-heading\" data-id=\"f45850c\" data-element_type=\"widget\" data-widget_type=\"heading.default\">\n\t\t\t\t<div class=\"elementor-widget-container\">\n\t\t\t\t\t<h3 class=\"elementor-heading-title elementor-size-default\"><strong>Mit meiner Musik erreiche ich die Welt der Emotionen, stimuliere, inspiriere und motiviere zum Nachdenken und Handeln.<\/strong><\/h3>\t\t\t\t<\/div>\n\t\t\t\t<\/div>\n\t\t\t\t\t<\/div>\n\t\t<\/div>\n\t\t\t\t\t<\/div>\n\t\t<\/section>\n\t\t\t\t\t<\/div>\n\t\t<\/div>\n\t\t\t\t\t<\/div>\n\t\t<\/section>\n\t\t\t\t<section class=\"elementor-section elementor-top-section elementor-element elementor-element-e678fd4 elementor-section-boxed elementor-section-height-default elementor-section-height-default\" data-id=\"e678fd4\" data-element_type=\"section\">\n\t\t\t\t\t\t<div class=\"elementor-container elementor-column-gap-default\">\n\t\t\t\t\t<div class=\"elementor-column elementor-col-100 elementor-top-column elementor-element elementor-element-f6f8eae\" data-id=\"f6f8eae\" data-element_type=\"column\">\n\t\t\t<div class=\"elementor-widget-wrap elementor-element-populated\">\n\t\t\t\t\t\t<div class=\"elementor-element elementor-element-3b9456e elementor-widget elementor-widget-html\" data-id=\"3b9456e\" data-element_type=\"widget\" data-widget_type=\"html.default\">\n\t\t\t\t<div class=\"elementor-widget-container\">\n\t\t\t\t\t<script>\n    document.querySelector('#about_section .widget-title').innerHTML = \"<span>...\u017ce jeste\u015b<\/span>\";\n<\/script>\t\t\t\t<\/div>\n\t\t\t\t<\/div>\n\t\t\t\t\t<\/div>\n\t\t<\/div>\n\t\t\t\t\t<\/div>\n\t\t<\/section>\n\t\t\t\t<\/div>","protected":false},"excerpt":{"rendered":"<p>Skoro interesuje ci\u0119 temat rozwoju osobistego, nale\u017cysz do grupy ludzi, kt\u00f3rzy chc\u0105 od \u017cycia duuuu\u017co wi\u0119cej, ni\u017c wi\u0119kszo\u015b\u0107 \u017cyj\u0105cych na tej ziemi. Jeste\u015b na drodze &hellip; <\/p>","protected":false},"author":1,"featured_media":32583,"parent":0,"menu_order":0,"comment_status":"closed","ping_status":"closed","template":"","meta":{"footnotes":""},"yoast_head":"<!-- This site is optimized with the Yoast SEO plugin v23.8 - https:\/\/yoast.com\/wordpress\/plugins\/seo\/ -->\n<title>Home | Marta Tafelski<\/title>\n<meta name=\"description\" content=\"Marta Tafelski to przewodniczka w podr\u00f3\u017cy z g\u0142owy do serca, pomaga uwalnia\u0107 blokady, transformowa\u0107 niekorzystne wzorce oraz wzmacnia\u0107 pewno\u015b\u0107 siebie i...\" \/>\n<meta name=\"robots\" content=\"noindex, follow\" \/>\n<meta property=\"og:locale\" content=\"de_DE\" \/>\n<meta property=\"og:type\" content=\"article\" \/>\n<meta property=\"og:title\" content=\"Home | Marta Tafelski\" \/>\n<meta property=\"og:description\" content=\"Marta Tafelski to przewodniczka w podr\u00f3\u017cy z g\u0142owy do serca, pomaga uwalnia\u0107 blokady, transformowa\u0107 niekorzystne wzorce oraz wzmacnia\u0107 pewno\u015b\u0107 siebie i...\" \/>\n<meta property=\"og:url\" content=\"https:\/\/marta-tafelski.com\/de\/\" \/>\n<meta property=\"og:site_name\" content=\"Marta Tafelski\" \/>\n<meta property=\"article:publisher\" content=\"https:\/\/www.facebook.com\/marta.tafelski\" \/>\n<meta property=\"article:modified_time\" content=\"2024-11-13T16:00:09+00:00\" \/>\n<meta property=\"og:image\" content=\"https:\/\/marta-tafelski.com\/wp-content\/uploads\/2023\/10\/Marta2023-164-von-522-e1698149805841.jpg\" \/>\n\t<meta property=\"og:image:width\" content=\"449\" \/>\n\t<meta property=\"og:image:height\" content=\"639\" \/>\n\t<meta property=\"og:image:type\" content=\"image\/jpeg\" \/>\n<meta name=\"twitter:card\" content=\"summary_large_image\" \/>\n<meta name=\"twitter:label1\" content=\"Gesch\u00e4tzte Lesezeit\" \/>\n\t<meta name=\"twitter:data1\" content=\"2\u00a0Minuten\" \/>\n<script type=\"application\/ld+json\" class=\"yoast-schema-graph\">{\"@context\":\"https:\/\/schema.org\",\"@graph\":[{\"@type\":\"WebPage\",\"@id\":\"https:\/\/marta-tafelski.com\/\",\"url\":\"https:\/\/marta-tafelski.com\/\",\"name\":\"Home | Marta Tafelski\",\"isPartOf\":{\"@id\":\"https:\/\/marta-tafelski.com\/#website\"},\"primaryImageOfPage\":{\"@id\":\"https:\/\/marta-tafelski.com\/#primaryimage\"},\"image\":{\"@id\":\"https:\/\/marta-tafelski.com\/#primaryimage\"},\"thumbnailUrl\":\"https:\/\/marta-tafelski.com\/wp-content\/uploads\/2023\/10\/Marta2023-164-von-522-e1698149805841.jpg\",\"datePublished\":\"2022-12-01T12:32:00+00:00\",\"dateModified\":\"2024-11-13T16:00:09+00:00\",\"description\":\"Marta Tafelski to przewodniczka w podr\u00f3\u017cy z g\u0142owy do serca, pomaga uwalnia\u0107 blokady, transformowa\u0107 niekorzystne wzorce oraz wzmacnia\u0107 pewno\u015b\u0107 siebie i...\",\"breadcrumb\":{\"@id\":\"https:\/\/marta-tafelski.com\/#breadcrumb\"},\"inLanguage\":\"de\",\"potentialAction\":[{\"@type\":\"ReadAction\",\"target\":[\"https:\/\/marta-tafelski.com\/\"]}]},{\"@type\":\"ImageObject\",\"inLanguage\":\"de\",\"@id\":\"https:\/\/marta-tafelski.com\/#primaryimage\",\"url\":\"https:\/\/marta-tafelski.com\/wp-content\/uploads\/2023\/10\/Marta2023-164-von-522-e1698149805841.jpg\",\"contentUrl\":\"https:\/\/marta-tafelski.com\/wp-content\/uploads\/2023\/10\/Marta2023-164-von-522-e1698149805841.jpg\",\"width\":449,\"height\":639},{\"@type\":\"BreadcrumbList\",\"@id\":\"https:\/\/marta-tafelski.com\/#breadcrumb\",\"itemListElement\":[{\"@type\":\"ListItem\",\"position\":1,\"name\":\"Strona g\u0142\u00f3wna\",\"item\":\"https:\/\/marta-tafelski.com\/\"},{\"@type\":\"ListItem\",\"position\":2,\"name\":\"Home\"}]},{\"@type\":\"WebSite\",\"@id\":\"https:\/\/marta-tafelski.com\/#website\",\"url\":\"https:\/\/marta-tafelski.com\/\",\"name\":\"Marta Tafelski\",\"description\":\"Coaching | Music | Consulting\",\"publisher\":{\"@id\":\"https:\/\/marta-tafelski.com\/#\/schema\/person\/65ccabda9c3e0546fd522b12bd1a360c\"},\"potentialAction\":[{\"@type\":\"SearchAction\",\"target\":{\"@type\":\"EntryPoint\",\"urlTemplate\":\"https:\/\/marta-tafelski.com\/?s={search_term_string}\"},\"query-input\":{\"@type\":\"PropertyValueSpecification\",\"valueRequired\":true,\"valueName\":\"search_term_string\"}}],\"inLanguage\":\"de\"},{\"@type\":[\"Person\",\"Organization\"],\"@id\":\"https:\/\/marta-tafelski.com\/#\/schema\/person\/65ccabda9c3e0546fd522b12bd1a360c\",\"name\":\"Marta Tafelski\",\"image\":{\"@type\":\"ImageObject\",\"inLanguage\":\"de\",\"@id\":\"https:\/\/marta-tafelski.com\/#\/schema\/person\/image\/\",\"url\":\"https:\/\/marta-tafelski.com\/wp-content\/uploads\/2024\/11\/LOGO-1.png\",\"contentUrl\":\"https:\/\/marta-tafelski.com\/wp-content\/uploads\/2024\/11\/LOGO-1.png\",\"width\":512,\"height\":512,\"caption\":\"Marta Tafelski\"},\"logo\":{\"@id\":\"https:\/\/marta-tafelski.com\/#\/schema\/person\/image\/\"},\"sameAs\":[\"http:\/\/www.marta-tafelski.com\",\"https:\/\/www.facebook.com\/marta.tafelski\",\"https:\/\/www.instagram.com\/marta.tafelski\/?hl=de\",\"https:\/\/youtube.com\/channel\/UCPTT16OLuyhrNC4K2XlKXPQ\"]}]}<\/script>\n<!-- \/ Yoast SEO plugin. -->","yoast_head_json":{"title":"Home | Marta Tafelski","description":"Marta Tafelski to przewodniczka w podr\u00f3\u017cy z g\u0142owy do serca, pomaga uwalnia\u0107 blokady, transformowa\u0107 niekorzystne wzorce oraz wzmacnia\u0107 pewno\u015b\u0107 siebie i...","robots":{"index":"noindex","follow":"follow"},"og_locale":"de_DE","og_type":"article","og_title":"Home | Marta Tafelski","og_description":"Marta Tafelski to przewodniczka w podr\u00f3\u017cy z g\u0142owy do serca, pomaga uwalnia\u0107 blokady, transformowa\u0107 niekorzystne wzorce oraz wzmacnia\u0107 pewno\u015b\u0107 siebie i...","og_url":"https:\/\/marta-tafelski.com\/de\/","og_site_name":"Marta Tafelski","article_publisher":"https:\/\/www.facebook.com\/marta.tafelski","article_modified_time":"2024-11-13T16:00:09+00:00","og_image":[{"width":449,"height":639,"url":"https:\/\/marta-tafelski.com\/wp-content\/uploads\/2023\/10\/Marta2023-164-von-522-e1698149805841.jpg","type":"image\/jpeg"}],"twitter_card":"summary_large_image","twitter_misc":{"Gesch\u00e4tzte Lesezeit":"2\u00a0Minuten"},"schema":{"@context":"https:\/\/schema.org","@graph":[{"@type":"WebPage","@id":"https:\/\/marta-tafelski.com\/","url":"https:\/\/marta-tafelski.com\/","name":"Home | Marta Tafelski","isPartOf":{"@id":"https:\/\/marta-tafelski.com\/#website"},"primaryImageOfPage":{"@id":"https:\/\/marta-tafelski.com\/#primaryimage"},"image":{"@id":"https:\/\/marta-tafelski.com\/#primaryimage"},"thumbnailUrl":"https:\/\/marta-tafelski.com\/wp-content\/uploads\/2023\/10\/Marta2023-164-von-522-e1698149805841.jpg","datePublished":"2022-12-01T12:32:00+00:00","dateModified":"2024-11-13T16:00:09+00:00","description":"Marta Tafelski to przewodniczka w podr\u00f3\u017cy z g\u0142owy do serca, pomaga uwalnia\u0107 blokady, transformowa\u0107 niekorzystne wzorce oraz wzmacnia\u0107 pewno\u015b\u0107 siebie i...","breadcrumb":{"@id":"https:\/\/marta-tafelski.com\/#breadcrumb"},"inLanguage":"de","potentialAction":[{"@type":"ReadAction","target":["https:\/\/marta-tafelski.com\/"]}]},{"@type":"ImageObject","inLanguage":"de","@id":"https:\/\/marta-tafelski.com\/#primaryimage","url":"https:\/\/marta-tafelski.com\/wp-content\/uploads\/2023\/10\/Marta2023-164-von-522-e1698149805841.jpg","contentUrl":"https:\/\/marta-tafelski.com\/wp-content\/uploads\/2023\/10\/Marta2023-164-von-522-e1698149805841.jpg","width":449,"height":639},{"@type":"BreadcrumbList","@id":"https:\/\/marta-tafelski.com\/#breadcrumb","itemListElement":[{"@type":"ListItem","position":1,"name":"Strona g\u0142\u00f3wna","item":"https:\/\/marta-tafelski.com\/"},{"@type":"ListItem","position":2,"name":"Home"}]},{"@type":"WebSite","@id":"https:\/\/marta-tafelski.com\/#website","url":"https:\/\/marta-tafelski.com\/","name":"Marta Tafelski","description":"Coaching | Music | Consulting","publisher":{"@id":"https:\/\/marta-tafelski.com\/#\/schema\/person\/65ccabda9c3e0546fd522b12bd1a360c"},"potentialAction":[{"@type":"SearchAction","target":{"@type":"EntryPoint","urlTemplate":"https:\/\/marta-tafelski.com\/?s={search_term_string}"},"query-input":{"@type":"PropertyValueSpecification","valueRequired":true,"valueName":"search_term_string"}}],"inLanguage":"de"},{"@type":["Person","Organization"],"@id":"https:\/\/marta-tafelski.com\/#\/schema\/person\/65ccabda9c3e0546fd522b12bd1a360c","name":"Marta Tafelski","image":{"@type":"ImageObject","inLanguage":"de","@id":"https:\/\/marta-tafelski.com\/#\/schema\/person\/image\/","url":"https:\/\/marta-tafelski.com\/wp-content\/uploads\/2024\/11\/LOGO-1.png","contentUrl":"https:\/\/marta-tafelski.com\/wp-content\/uploads\/2024\/11\/LOGO-1.png","width":512,"height":512,"caption":"Marta Tafelski"},"logo":{"@id":"https:\/\/marta-tafelski.com\/#\/schema\/person\/image\/"},"sameAs":["http:\/\/www.marta-tafelski.com","https:\/\/www.facebook.com\/marta.tafelski","https:\/\/www.instagram.com\/marta.tafelski\/?hl=de","https:\/\/youtube.com\/channel\/UCPTT16OLuyhrNC4K2XlKXPQ"]}]}},"_links":{"self":[{"href":"https:\/\/marta-tafelski.com\/de\/wp-json\/wp\/v2\/pages\/340"}],"collection":[{"href":"https:\/\/marta-tafelski.com\/de\/wp-json\/wp\/v2\/pages"}],"about":[{"href":"https:\/\/marta-tafelski.com\/de\/wp-json\/wp\/v2\/types\/page"}],"author":[{"embeddable":true,"href":"https:\/\/marta-tafelski.com\/de\/wp-json\/wp\/v2\/users\/1"}],"replies":[{"embeddable":true,"href":"https:\/\/marta-tafelski.com\/de\/wp-json\/wp\/v2\/comments?post=340"}],"version-history":[{"count":0,"href":"https:\/\/marta-tafelski.com\/de\/wp-json\/wp\/v2\/pages\/340\/revisions"}],"wp:featuredmedia":[{"embeddable":true,"href":"https:\/\/marta-tafelski.com\/de\/wp-json\/wp\/v2\/media\/32583"}],"wp:attachment":[{"href":"https:\/\/marta-tafelski.com\/de\/wp-json\/wp\/v2\/media?parent=340"}],"curies":[{"name":"wp","href":"https:\/\/api.w.org\/{rel}","templated":true}]}}